{"id":10245,"date":"2016-07-20T11:35:22","date_gmt":"2016-07-20T11:35:22","guid":{"rendered":"http:\/\/www.landroverparty.com\/?page_id=10245"},"modified":"2024-09-26T16:39:50","modified_gmt":"2024-09-26T16:39:50","slug":"supertrack","status":"publish","type":"page","link":"https:\/\/www.landparty.es\/?page_id=10245","title":{"rendered":"SUPERTRACK"},"content":{"rendered":"[vc_row][vc_column][vc_column_text]\n<h2 style=\"text-align: center;\">SUPERTRACK General Tire<\/h2>\n[\/vc_column_text][vc_column_text]\n<p style=\"text-align: center;\"><strong>Espectacular prueba cronometrada de car\u00e1cter amateur donde los participantes deber\u00e1n superar obst\u00e1culos de todo tipo.<\/strong><\/p>\n<h4 style=\"text-align: center;\"><strong>\u00bfTienes un Land Rover preparado para superar obst\u00e1culos? \u00a1Participa!<\/strong><\/h4>\n<p style=\"text-align: center;\"><strong>Si quieres participar env\u00eda un email a <a href=\"mailto:info@landroverparty.com\" target=\"_blank\" rel=\"noopener noreferrer\">info@landroverparty.com<\/a> con tus datos personales y contactaremos contigo si tu Land Rover cumple los requisitos de la organizaci\u00f3n!<\/strong><\/p>\n<p style=\"text-align: center;\"><em>*Todos los veh\u00edculos participantes deben estar correctamente inscritos en esta edici\u00f3n de la Land Party.<\/em><\/p>\n<p style=\"text-align: center;\"><em>*Limitado a 10 veh\u00edculos el s\u00e1bado y 10 el domingo.<\/em><\/p>\n<p><a href=\"https:\/\/www.generaltire.es\/turismo\" target=\"_blank\" rel=\"noopener\"><img decoding=\"async\" class=\"aligncenter size-full wp-image-29210\" src=\"https:\/\/www.landroverparty.com\/wp-content\/uploads\/2022\/08\/general-tire-per-home.png\" alt=\"\" width=\"300\" height=\"152\" srcset=\"https:\/\/www.landparty.es\/wp-content\/uploads\/2022\/08\/general-tire-per-home-200x101.png 200w, https:\/\/www.landparty.es\/wp-content\/uploads\/2022\/08\/general-tire-per-home.png 300w\" sizes=\"(max-width: 300px) 100vw, 300px\" \/><\/a>[\/vc_column_text][\/vc_column][\/vc_row][vc_row][vc_column][vc_masonry_media_grid element_width=\u00bb6&#8243; gap=\u00bb10&#8243; grid_id=\u00bbvc_gid:1727368616413-72143abc-496e-4&#8243; include=\u00bb12190,12191,12192,12193,12194,12195,12196,12197,12198,12199&#8243;][\/vc_column][\/vc_row][vc_row][vc_column][vc_column_text]\n[\/vc_column_text][\/vc_column][\/vc_row]","protected":false},"excerpt":{"rendered":"<p>[vc_row][vc_column][vc_column_text] SUPERTRACK General Tire [\/vc_column_text][vc_column_text] Espectacular prueba cronometrada de car\u00e1cter [&hellip;]<\/p>\n","protected":false},"author":2,"featured_media":0,"parent":0,"menu_order":0,"comment_status":"closed","ping_status":"closed","template":"","meta":{"footnotes":""},"class_list":["post-10245","page","type-page","status-publish","hentry"],"yoast_head":"<!-- This site is optimized with the Yoast SEO plugin v27.4 - https:\/\/yoast.com\/product\/yoast-seo-wordpress\/ -->\n<title>SUPERTRACK - Land Party<\/title>\n<meta name=\"robots\" content=\"index, follow, max-snippet:-1, max-image-preview:large, max-video-preview:-1\" \/>\n<link rel=\"canonical\" href=\"https:\/\/www.landparty.es\/?page_id=10245\" \/>\n<meta property=\"og:locale\" content=\"es_ES\" \/>\n<meta property=\"og:type\" content=\"article\" \/>\n<meta property=\"og:title\" content=\"SUPERTRACK - Land Party\" \/>\n<meta property=\"og:description\" content=\"[vc_row][vc_column][vc_column_text] SUPERTRACK General Tire [\/vc_column_text][vc_column_text] Espectacular prueba cronometrada de car\u00e1cter [&hellip;]\" \/>\n<meta property=\"og:url\" content=\"https:\/\/www.landparty.es\/?page_id=10245\" \/>\n<meta property=\"og:site_name\" content=\"Land Party\" \/>\n<meta property=\"article:publisher\" content=\"https:\/\/www.facebook.com\/LandPartyLesComes\/\" \/>\n<meta property=\"article:modified_time\" content=\"2024-09-26T16:39:50+00:00\" \/>\n<meta property=\"og:image\" content=\"https:\/\/www.landroverparty.com\/wp-content\/uploads\/2022\/08\/general-tire-per-home.png\" \/>\n<meta name=\"twitter:card\" content=\"summary_large_image\" \/>\n<meta name=\"twitter:label1\" content=\"Tiempo de lectura\" \/>\n\t<meta name=\"twitter:data1\" content=\"1 minuto\" \/>\n<script type=\"application\/ld+json\" class=\"yoast-schema-graph\">{\"@context\":\"https:\\\/\\\/schema.org\",\"@graph\":[{\"@type\":\"WebPage\",\"@id\":\"https:\\\/\\\/www.landparty.es\\\/?page_id=10245\",\"url\":\"https:\\\/\\\/www.landparty.es\\\/?page_id=10245\",\"name\":\"SUPERTRACK - Land Party\",\"isPartOf\":{\"@id\":\"https:\\\/\\\/www.landparty.es\\\/#website\"},\"primaryImageOfPage\":{\"@id\":\"https:\\\/\\\/www.landparty.es\\\/?page_id=10245#primaryimage\"},\"image\":{\"@id\":\"https:\\\/\\\/www.landparty.es\\\/?page_id=10245#primaryimage\"},\"thumbnailUrl\":\"https:\\\/\\\/www.landroverparty.com\\\/wp-content\\\/uploads\\\/2022\\\/08\\\/general-tire-per-home.png\",\"datePublished\":\"2016-07-20T11:35:22+00:00\",\"dateModified\":\"2024-09-26T16:39:50+00:00\",\"breadcrumb\":{\"@id\":\"https:\\\/\\\/www.landparty.es\\\/?page_id=10245#breadcrumb\"},\"inLanguage\":\"es\",\"potentialAction\":[{\"@type\":\"ReadAction\",\"target\":[\"https:\\\/\\\/www.landparty.es\\\/?page_id=10245\"]}]},{\"@type\":\"ImageObject\",\"inLanguage\":\"es\",\"@id\":\"https:\\\/\\\/www.landparty.es\\\/?page_id=10245#primaryimage\",\"url\":\"https:\\\/\\\/www.landroverparty.com\\\/wp-content\\\/uploads\\\/2022\\\/08\\\/general-tire-per-home.png\",\"contentUrl\":\"https:\\\/\\\/www.landroverparty.com\\\/wp-content\\\/uploads\\\/2022\\\/08\\\/general-tire-per-home.png\"},{\"@type\":\"BreadcrumbList\",\"@id\":\"https:\\\/\\\/www.landparty.es\\\/?page_id=10245#breadcrumb\",\"itemListElement\":[{\"@type\":\"ListItem\",\"position\":1,\"name\":\"Portada\",\"item\":\"https:\\\/\\\/www.landparty.es\\\/\"},{\"@type\":\"ListItem\",\"position\":2,\"name\":\"SUPERTRACK\"}]},{\"@type\":\"WebSite\",\"@id\":\"https:\\\/\\\/www.landparty.es\\\/#website\",\"url\":\"https:\\\/\\\/www.landparty.es\\\/\",\"name\":\"Land Party - Les Comes\",\"description\":\"Ven a la Land Party, un evento familiar para amantes del motor y la aventura.\",\"publisher\":{\"@id\":\"https:\\\/\\\/www.landparty.es\\\/#organization\"},\"alternateName\":\"Land Party\",\"potentialAction\":[{\"@type\":\"SearchAction\",\"target\":{\"@type\":\"EntryPoint\",\"urlTemplate\":\"https:\\\/\\\/www.landparty.es\\\/?s={search_term_string}\"},\"query-input\":{\"@type\":\"PropertyValueSpecification\",\"valueRequired\":true,\"valueName\":\"search_term_string\"}}],\"inLanguage\":\"es\"},{\"@type\":\"Organization\",\"@id\":\"https:\\\/\\\/www.landparty.es\\\/#organization\",\"name\":\"Land Party - Les Comes\",\"alternateName\":\"Land Party\",\"url\":\"https:\\\/\\\/www.landparty.es\\\/\",\"logo\":{\"@type\":\"ImageObject\",\"inLanguage\":\"es\",\"@id\":\"https:\\\/\\\/www.landparty.es\\\/#\\\/schema\\\/logo\\\/image\\\/\",\"url\":\"https:\\\/\\\/www.landparty.es\\\/wp-content\\\/uploads\\\/2024\\\/07\\\/LANDPARTY-FACEBOOK.jpg\",\"contentUrl\":\"https:\\\/\\\/www.landparty.es\\\/wp-content\\\/uploads\\\/2024\\\/07\\\/LANDPARTY-FACEBOOK.jpg\",\"width\":1500,\"height\":1500,\"caption\":\"Land Party - Les Comes\"},\"image\":{\"@id\":\"https:\\\/\\\/www.landparty.es\\\/#\\\/schema\\\/logo\\\/image\\\/\"},\"sameAs\":[\"https:\\\/\\\/www.facebook.com\\\/LandPartyLesComes\\\/\"]}]}<\/script>\n<!-- \/ Yoast SEO plugin. -->","yoast_head_json":{"title":"SUPERTRACK - Land Party","robots":{"index":"index","follow":"follow","max-snippet":"max-snippet:-1","max-image-preview":"max-image-preview:large","max-video-preview":"max-video-preview:-1"},"canonical":"https:\/\/www.landparty.es\/?page_id=10245","og_locale":"es_ES","og_type":"article","og_title":"SUPERTRACK - Land Party","og_description":"[vc_row][vc_column][vc_column_text] SUPERTRACK General Tire [\/vc_column_text][vc_column_text] Espectacular prueba cronometrada de car\u00e1cter [&hellip;]","og_url":"https:\/\/www.landparty.es\/?page_id=10245","og_site_name":"Land Party","article_publisher":"https:\/\/www.facebook.com\/LandPartyLesComes\/","article_modified_time":"2024-09-26T16:39:50+00:00","og_image":[{"url":"https:\/\/www.landroverparty.com\/wp-content\/uploads\/2022\/08\/general-tire-per-home.png","type":"","width":"","height":""}],"twitter_card":"summary_large_image","twitter_misc":{"Tiempo de lectura":"1 minuto"},"schema":{"@context":"https:\/\/schema.org","@graph":[{"@type":"WebPage","@id":"https:\/\/www.landparty.es\/?page_id=10245","url":"https:\/\/www.landparty.es\/?page_id=10245","name":"SUPERTRACK - Land Party","isPartOf":{"@id":"https:\/\/www.landparty.es\/#website"},"primaryImageOfPage":{"@id":"https:\/\/www.landparty.es\/?page_id=10245#primaryimage"},"image":{"@id":"https:\/\/www.landparty.es\/?page_id=10245#primaryimage"},"thumbnailUrl":"https:\/\/www.landroverparty.com\/wp-content\/uploads\/2022\/08\/general-tire-per-home.png","datePublished":"2016-07-20T11:35:22+00:00","dateModified":"2024-09-26T16:39:50+00:00","breadcrumb":{"@id":"https:\/\/www.landparty.es\/?page_id=10245#breadcrumb"},"inLanguage":"es","potentialAction":[{"@type":"ReadAction","target":["https:\/\/www.landparty.es\/?page_id=10245"]}]},{"@type":"ImageObject","inLanguage":"es","@id":"https:\/\/www.landparty.es\/?page_id=10245#primaryimage","url":"https:\/\/www.landroverparty.com\/wp-content\/uploads\/2022\/08\/general-tire-per-home.png","contentUrl":"https:\/\/www.landroverparty.com\/wp-content\/uploads\/2022\/08\/general-tire-per-home.png"},{"@type":"BreadcrumbList","@id":"https:\/\/www.landparty.es\/?page_id=10245#breadcrumb","itemListElement":[{"@type":"ListItem","position":1,"name":"Portada","item":"https:\/\/www.landparty.es\/"},{"@type":"ListItem","position":2,"name":"SUPERTRACK"}]},{"@type":"WebSite","@id":"https:\/\/www.landparty.es\/#website","url":"https:\/\/www.landparty.es\/","name":"Land Party - Les Comes","description":"Ven a la Land Party, un evento familiar para amantes del motor y la aventura.","publisher":{"@id":"https:\/\/www.landparty.es\/#organization"},"alternateName":"Land Party","potentialAction":[{"@type":"SearchAction","target":{"@type":"EntryPoint","urlTemplate":"https:\/\/www.landparty.es\/?s={search_term_string}"},"query-input":{"@type":"PropertyValueSpecification","valueRequired":true,"valueName":"search_term_string"}}],"inLanguage":"es"},{"@type":"Organization","@id":"https:\/\/www.landparty.es\/#organization","name":"Land Party - Les Comes","alternateName":"Land Party","url":"https:\/\/www.landparty.es\/","logo":{"@type":"ImageObject","inLanguage":"es","@id":"https:\/\/www.landparty.es\/#\/schema\/logo\/image\/","url":"https:\/\/www.landparty.es\/wp-content\/uploads\/2024\/07\/LANDPARTY-FACEBOOK.jpg","contentUrl":"https:\/\/www.landparty.es\/wp-content\/uploads\/2024\/07\/LANDPARTY-FACEBOOK.jpg","width":1500,"height":1500,"caption":"Land Party - Les Comes"},"image":{"@id":"https:\/\/www.landparty.es\/#\/schema\/logo\/image\/"},"sameAs":["https:\/\/www.facebook.com\/LandPartyLesComes\/"]}]}},"_links":{"self":[{"href":"https:\/\/www.landparty.es\/index.php?rest_route=\/wp\/v2\/pages\/10245","targetHints":{"allow":["GET"]}}],"collection":[{"href":"https:\/\/www.landparty.es\/index.php?rest_route=\/wp\/v2\/pages"}],"about":[{"href":"https:\/\/www.landparty.es\/index.php?rest_route=\/wp\/v2\/types\/page"}],"author":[{"embeddable":true,"href":"https:\/\/www.landparty.es\/index.php?rest_route=\/wp\/v2\/users\/2"}],"replies":[{"embeddable":true,"href":"https:\/\/www.landparty.es\/index.php?rest_route=%2Fwp%2Fv2%2Fcomments&post=10245"}],"version-history":[{"count":32,"href":"https:\/\/www.landparty.es\/index.php?rest_route=\/wp\/v2\/pages\/10245\/revisions"}],"predecessor-version":[{"id":30009,"href":"https:\/\/www.landparty.es\/index.php?rest_route=\/wp\/v2\/pages\/10245\/revisions\/30009"}],"wp:attachment":[{"href":"https:\/\/www.landparty.es\/index.php?rest_route=%2Fwp%2Fv2%2Fmedia&parent=10245"}],"curies":[{"name":"wp","href":"https:\/\/api.w.org\/{rel}","templated":true}]}}