{"id":117,"date":"2015-04-15T09:03:49","date_gmt":"2015-04-15T09:03:49","guid":{"rendered":"http:\/\/localhost\/novaweblrp\/?page_id=117"},"modified":"2021-03-11T15:45:17","modified_gmt":"2021-03-11T15:45:17","slug":"pistas-4x4","status":"publish","type":"page","link":"https:\/\/www.landparty.es\/?page_id=117","title":{"rendered":"Pistas 4\u00d74"},"content":{"rendered":"[vc_row][vc_column][vc_column_text]\n<h2 style=\"text-align: center;\">PISTAS 4X4<\/h2>\n[\/vc_column_text][vc_column_text]\n<p style=\"text-align: center;\"><span style=\"text-decoration: underline;\"><strong>Horario de pistas<\/strong><\/span><br \/>\n<strong>Viernes de 09:00h a 18:30h<\/strong><br \/>\n<strong>S\u00e1bado de 09:00h a 18:30h<\/strong><br \/>\n<strong>Domingo de 09:00h a 17:00h<\/strong><\/p>\n<p><strong>En Les Comes pensamos en todos, desde aquel que se inicia en el mundo del todo terreno, hasta el m\u00e1s experto y exigente conductor.<\/strong><\/p>\n<p style=\"text-align: justify;\"><strong>Con la ayuda de un mapa orientativo, los participantes se convertir\u00e1n en aut\u00e9nticos exploradores de las pistas de Les Comes. S\u00f3lo es cuesti\u00f3n de elegir la dificultad y el camino que m\u00e1s nos guste.<\/strong><\/p>\n<p><strong>Circuito Escuela:<\/strong> Lugar de iniciaci\u00f3n para poder ver en poco espacio y de modo muy evidente las caracter\u00edsticas de nuestro veh\u00edculo y sus habilidades. El lugar para experimentar las primeras sensaciones al volante y descubrir todos los <em>\u201cgadgets\u201d<\/em> de nuestro Land Rover.<\/p>\n<p><strong><span style=\"color: #008000;\">Recorridos verdes<\/span>:<\/strong> De dificultad baja, ideal para conductores que quieran una experiencia sencilla pero con unas vistas excelentes de la Comarca del Bages.<\/p>\n<p><strong><span style=\"color: #ff0000;\">Recorridos Rojos<\/span>:<\/strong> La dificultad va creciendo, son pistas m\u00e1s delicadas y rotas que pueden empeorar f\u00e1cilmente seg\u00fan las inclemencias del tiempo. Aqu\u00ed la reductora empieza a ser una herramienta \u00fatil.<\/p>\n<p><strong>Recorridos Negros:<\/strong> La reductora es imprescindible y obligatoria. Caminos rotos con fuertes pendientes y en ocasiones profundas roderas. Es aconsejable no adentrarse en estos caminos solos y en caso de mal tiempo la accesibilidad a \u00e9stos es pr\u00e1cticamente nula.<\/p>\n<p><strong><span style=\"color: #800000;\">Recorridos Marrones<\/span>: <\/strong>Solo para expertos y veh\u00edculos preparados. Son las zonas con m\u00e1xima dificultad dedicadas a aquellos que no les importa si el veh\u00edculo se \u201censucia\u201d por decirlo finamente. En estos lugares es recomendable alg\u00fan tipo de utensilio de rescate como el Winch, eslinga, Hi-Lift etc\u2026<\/p>\n<p>(En todos los casos, las rutas se hacen con el veh\u00edculo propio del participante).[\/vc_column_text][\/vc_column][\/vc_row][vc_row][vc_column][vc_masonry_media_grid element_width=\u00bb6&#8243; gap=\u00bb20&#8243; grid_id=\u00bbvc_gid:1615477395693-dc7b80a2-8eee-8&#8243; include=\u00bb12070,13538,12046,12048,12055,13532,12056,13530,12057,12058,13531,12059,12060,12061,13527,12063,12064,12065,12066,12067,13528,12069,12071,12072,13509,13511,13512,13533,13513,13514,13529,13516,13517,13518,13520,13521,13523,13524,13525,13526,13534&#8243;][\/vc_column][\/vc_row]","protected":false},"excerpt":{"rendered":"<p>[vc_row][vc_column][vc_column_text] PISTAS 4X4 [\/vc_column_text][vc_column_text] Horario de pistas Viernes de 09:00h [&hellip;]<\/p>\n","protected":false},"author":3,"featured_media":0,"parent":0,"menu_order":0,"comment_status":"closed","ping_status":"closed","template":"","meta":{"footnotes":""},"class_list":["post-117","page","type-page","status-publish","hentry"],"yoast_head":"<!-- This site is optimized with the Yoast SEO plugin v27.6 - https:\/\/yoast.com\/product\/yoast-seo-wordpress\/ -->\n<title>Pistas 4\u00d74 - Land Party<\/title>\n<meta name=\"description\" content=\"Disfruta de tu Land Rover en Les Comes con 60km de pistas 4x4 clasificadas y se\u00f1alizadas por colores en funci\u00f3n del nivel de dificultad.\" \/>\n<meta name=\"robots\" content=\"index, follow, max-snippet:-1, max-image-preview:large, max-video-preview:-1\" \/>\n<link rel=\"canonical\" href=\"https:\/\/www.landparty.es\/?page_id=117\" \/>\n<meta property=\"og:locale\" content=\"es_ES\" \/>\n<meta property=\"og:type\" content=\"article\" \/>\n<meta property=\"og:title\" content=\"Pistas 4\u00d74 - Land Party\" \/>\n<meta property=\"og:description\" content=\"Disfruta de tu Land Rover en Les Comes con 60km de pistas 4x4 clasificadas y se\u00f1alizadas por colores en funci\u00f3n del nivel de dificultad.\" \/>\n<meta property=\"og:url\" content=\"https:\/\/www.landparty.es\/?page_id=117\" \/>\n<meta property=\"og:site_name\" content=\"Land Party\" \/>\n<meta property=\"article:publisher\" content=\"https:\/\/www.facebook.com\/LandPartyLesComes\/\" \/>\n<meta property=\"article:modified_time\" content=\"2021-03-11T15:45:17+00:00\" \/>\n<meta property=\"og:image\" content=\"https:\/\/www.landparty.es\/wp-content\/uploads\/2024\/07\/PORTADA-YOUTBUE-LANDPARTY.jpg\" \/>\n\t<meta property=\"og:image:width\" content=\"2048\" \/>\n\t<meta property=\"og:image:height\" content=\"1152\" \/>\n\t<meta property=\"og:image:type\" content=\"image\/jpeg\" \/>\n<meta name=\"twitter:card\" content=\"summary_large_image\" \/>\n<meta name=\"twitter:label1\" content=\"Tiempo de lectura\" \/>\n\t<meta name=\"twitter:data1\" content=\"2 minutos\" \/>\n<script type=\"application\/ld+json\" class=\"yoast-schema-graph\">{\"@context\":\"https:\\\/\\\/schema.org\",\"@graph\":[{\"@type\":\"WebPage\",\"@id\":\"https:\\\/\\\/www.landparty.es\\\/?page_id=117\",\"url\":\"https:\\\/\\\/www.landparty.es\\\/?page_id=117\",\"name\":\"Pistas 4\u00d74 - Land Party\",\"isPartOf\":{\"@id\":\"https:\\\/\\\/www.landparty.es\\\/#website\"},\"datePublished\":\"2015-04-15T09:03:49+00:00\",\"dateModified\":\"2021-03-11T15:45:17+00:00\",\"description\":\"Disfruta de tu Land Rover en Les Comes con 60km de pistas 4x4 clasificadas y se\u00f1alizadas por colores en funci\u00f3n del nivel de dificultad.\",\"breadcrumb\":{\"@id\":\"https:\\\/\\\/www.landparty.es\\\/?page_id=117#breadcrumb\"},\"inLanguage\":\"es\",\"potentialAction\":[{\"@type\":\"ReadAction\",\"target\":[\"https:\\\/\\\/www.landparty.es\\\/?page_id=117\"]}]},{\"@type\":\"BreadcrumbList\",\"@id\":\"https:\\\/\\\/www.landparty.es\\\/?page_id=117#breadcrumb\",\"itemListElement\":[{\"@type\":\"ListItem\",\"position\":1,\"name\":\"Portada\",\"item\":\"https:\\\/\\\/www.landparty.es\\\/\"},{\"@type\":\"ListItem\",\"position\":2,\"name\":\"Pistas 4\u00d74\"}]},{\"@type\":\"WebSite\",\"@id\":\"https:\\\/\\\/www.landparty.es\\\/#website\",\"url\":\"https:\\\/\\\/www.landparty.es\\\/\",\"name\":\"Land Party - Les Comes\",\"description\":\"Ven a la Land Party, un evento familiar para amantes del motor y la aventura.\",\"publisher\":{\"@id\":\"https:\\\/\\\/www.landparty.es\\\/#organization\"},\"alternateName\":\"Land Party\",\"potentialAction\":[{\"@type\":\"SearchAction\",\"target\":{\"@type\":\"EntryPoint\",\"urlTemplate\":\"https:\\\/\\\/www.landparty.es\\\/?s={search_term_string}\"},\"query-input\":{\"@type\":\"PropertyValueSpecification\",\"valueRequired\":true,\"valueName\":\"search_term_string\"}}],\"inLanguage\":\"es\"},{\"@type\":\"Organization\",\"@id\":\"https:\\\/\\\/www.landparty.es\\\/#organization\",\"name\":\"Land Party - Les Comes\",\"alternateName\":\"Land Party\",\"url\":\"https:\\\/\\\/www.landparty.es\\\/\",\"logo\":{\"@type\":\"ImageObject\",\"inLanguage\":\"es\",\"@id\":\"https:\\\/\\\/www.landparty.es\\\/#\\\/schema\\\/logo\\\/image\\\/\",\"url\":\"https:\\\/\\\/www.landparty.es\\\/wp-content\\\/uploads\\\/2024\\\/07\\\/LANDPARTY-FACEBOOK.jpg\",\"contentUrl\":\"https:\\\/\\\/www.landparty.es\\\/wp-content\\\/uploads\\\/2024\\\/07\\\/LANDPARTY-FACEBOOK.jpg\",\"width\":1500,\"height\":1500,\"caption\":\"Land Party - Les Comes\"},\"image\":{\"@id\":\"https:\\\/\\\/www.landparty.es\\\/#\\\/schema\\\/logo\\\/image\\\/\"},\"sameAs\":[\"https:\\\/\\\/www.facebook.com\\\/LandPartyLesComes\\\/\"]}]}<\/script>\n<!-- \/ Yoast SEO plugin. -->","yoast_head_json":{"title":"Pistas 4\u00d74 - Land Party","description":"Disfruta de tu Land Rover en Les Comes con 60km de pistas 4x4 clasificadas y se\u00f1alizadas por colores en funci\u00f3n del nivel de dificultad.","robots":{"index":"index","follow":"follow","max-snippet":"max-snippet:-1","max-image-preview":"max-image-preview:large","max-video-preview":"max-video-preview:-1"},"canonical":"https:\/\/www.landparty.es\/?page_id=117","og_locale":"es_ES","og_type":"article","og_title":"Pistas 4\u00d74 - Land Party","og_description":"Disfruta de tu Land Rover en Les Comes con 60km de pistas 4x4 clasificadas y se\u00f1alizadas por colores en funci\u00f3n del nivel de dificultad.","og_url":"https:\/\/www.landparty.es\/?page_id=117","og_site_name":"Land Party","article_publisher":"https:\/\/www.facebook.com\/LandPartyLesComes\/","article_modified_time":"2021-03-11T15:45:17+00:00","og_image":[{"width":2048,"height":1152,"url":"https:\/\/www.landparty.es\/wp-content\/uploads\/2024\/07\/PORTADA-YOUTBUE-LANDPARTY.jpg","type":"image\/jpeg"}],"twitter_card":"summary_large_image","twitter_misc":{"Tiempo de lectura":"2 minutos"},"schema":{"@context":"https:\/\/schema.org","@graph":[{"@type":"WebPage","@id":"https:\/\/www.landparty.es\/?page_id=117","url":"https:\/\/www.landparty.es\/?page_id=117","name":"Pistas 4\u00d74 - Land Party","isPartOf":{"@id":"https:\/\/www.landparty.es\/#website"},"datePublished":"2015-04-15T09:03:49+00:00","dateModified":"2021-03-11T15:45:17+00:00","description":"Disfruta de tu Land Rover en Les Comes con 60km de pistas 4x4 clasificadas y se\u00f1alizadas por colores en funci\u00f3n del nivel de dificultad.","breadcrumb":{"@id":"https:\/\/www.landparty.es\/?page_id=117#breadcrumb"},"inLanguage":"es","potentialAction":[{"@type":"ReadAction","target":["https:\/\/www.landparty.es\/?page_id=117"]}]},{"@type":"BreadcrumbList","@id":"https:\/\/www.landparty.es\/?page_id=117#breadcrumb","itemListElement":[{"@type":"ListItem","position":1,"name":"Portada","item":"https:\/\/www.landparty.es\/"},{"@type":"ListItem","position":2,"name":"Pistas 4\u00d74"}]},{"@type":"WebSite","@id":"https:\/\/www.landparty.es\/#website","url":"https:\/\/www.landparty.es\/","name":"Land Party - Les Comes","description":"Ven a la Land Party, un evento familiar para amantes del motor y la aventura.","publisher":{"@id":"https:\/\/www.landparty.es\/#organization"},"alternateName":"Land Party","potentialAction":[{"@type":"SearchAction","target":{"@type":"EntryPoint","urlTemplate":"https:\/\/www.landparty.es\/?s={search_term_string}"},"query-input":{"@type":"PropertyValueSpecification","valueRequired":true,"valueName":"search_term_string"}}],"inLanguage":"es"},{"@type":"Organization","@id":"https:\/\/www.landparty.es\/#organization","name":"Land Party - Les Comes","alternateName":"Land Party","url":"https:\/\/www.landparty.es\/","logo":{"@type":"ImageObject","inLanguage":"es","@id":"https:\/\/www.landparty.es\/#\/schema\/logo\/image\/","url":"https:\/\/www.landparty.es\/wp-content\/uploads\/2024\/07\/LANDPARTY-FACEBOOK.jpg","contentUrl":"https:\/\/www.landparty.es\/wp-content\/uploads\/2024\/07\/LANDPARTY-FACEBOOK.jpg","width":1500,"height":1500,"caption":"Land Party - Les Comes"},"image":{"@id":"https:\/\/www.landparty.es\/#\/schema\/logo\/image\/"},"sameAs":["https:\/\/www.facebook.com\/LandPartyLesComes\/"]}]}},"_links":{"self":[{"href":"https:\/\/www.landparty.es\/index.php?rest_route=\/wp\/v2\/pages\/117","targetHints":{"allow":["GET"]}}],"collection":[{"href":"https:\/\/www.landparty.es\/index.php?rest_route=\/wp\/v2\/pages"}],"about":[{"href":"https:\/\/www.landparty.es\/index.php?rest_route=\/wp\/v2\/types\/page"}],"author":[{"embeddable":true,"href":"https:\/\/www.landparty.es\/index.php?rest_route=\/wp\/v2\/users\/3"}],"replies":[{"embeddable":true,"href":"https:\/\/www.landparty.es\/index.php?rest_route=%2Fwp%2Fv2%2Fcomments&post=117"}],"version-history":[{"count":56,"href":"https:\/\/www.landparty.es\/index.php?rest_route=\/wp\/v2\/pages\/117\/revisions"}],"predecessor-version":[{"id":28661,"href":"https:\/\/www.landparty.es\/index.php?rest_route=\/wp\/v2\/pages\/117\/revisions\/28661"}],"wp:attachment":[{"href":"https:\/\/www.landparty.es\/index.php?rest_route=%2Fwp%2Fv2%2Fmedia&parent=117"}],"curies":[{"name":"wp","href":"https:\/\/api.w.org\/{rel}","templated":true}]}}