{"id":124,"date":"2015-04-15T09:07:35","date_gmt":"2015-04-15T09:07:35","guid":{"rendered":"http:\/\/localhost\/novaweblrp\/?page_id=124"},"modified":"2023-09-24T08:34:46","modified_gmt":"2023-09-24T08:34:46","slug":"circuito-aventura-land-rover-party","status":"publish","type":"page","link":"https:\/\/www.landparty.es\/?page_id=124","title":{"rendered":"ROC\u00d3DROM"},"content":{"rendered":"[vc_row][vc_column][vc_column_text]\n<h2 style=\"text-align: center;\">ROC\u00d3DROMO<\/h2>\n[\/vc_column_text][vc_column_text]\n<p style=\"text-align: center;\">En esta edici\u00f3n podr\u00e1s disfrutar de 4 v\u00edas en el roc\u00f3dromo de Les Comes. No pierdas la oportunidad de probar las dos v\u00eda nuevas que abriremos para los m\u00e1s atrvidos!<\/p>\n<p style=\"text-align: center;\">Altura m\u00ednima para participar: 1.40 metros.<\/p>\n[\/vc_column_text][\/vc_column][\/vc_row][vc_row][vc_column][vc_masonry_media_grid gap=\u00bb10&#8243; grid_id=\u00bbvc_gid:1695543421131-c9ff9138-3554-1&#8243; include=\u00bb16558,16557,29743&#8243;][\/vc_column][\/vc_row]","protected":false},"excerpt":{"rendered":"<p>[vc_row][vc_column][vc_column_text] ROC\u00d3DROMO [\/vc_column_text][vc_column_text] En esta edici\u00f3n podr\u00e1s disfrutar de 4 [&hellip;]<\/p>\n","protected":false},"author":3,"featured_media":0,"parent":0,"menu_order":0,"comment_status":"closed","ping_status":"closed","template":"","meta":{"footnotes":""},"class_list":["post-124","page","type-page","status-publish","hentry"],"yoast_head":"<!-- This site is optimized with the Yoast SEO plugin v27.4 - https:\/\/yoast.com\/product\/yoast-seo-wordpress\/ -->\n<title>ROC\u00d3DROM - Land Party<\/title>\n<meta name=\"description\" content=\"No te pierdas el Circuito de Aventura de la Land Rover Party! Incluye, puentes tibetanos, una tirolina de 150 metros y un recodromo. No te lo pierdas!\" \/>\n<meta name=\"robots\" content=\"index, follow, max-snippet:-1, max-image-preview:large, max-video-preview:-1\" \/>\n<link rel=\"canonical\" href=\"https:\/\/www.landparty.es\/?page_id=124&lang=en\" \/>\n<meta property=\"og:locale\" content=\"es_ES\" \/>\n<meta property=\"og:type\" content=\"article\" \/>\n<meta property=\"og:title\" content=\"ROC\u00d3DROM - Land Party\" \/>\n<meta property=\"og:description\" content=\"No te pierdas el Circuito de Aventura de la Land Rover Party! Incluye, puentes tibetanos, una tirolina de 150 metros y un recodromo. No te lo pierdas!\" \/>\n<meta property=\"og:url\" content=\"https:\/\/www.landparty.es\/?page_id=124&amp;lang=en\" \/>\n<meta property=\"og:site_name\" content=\"Land Party\" \/>\n<meta property=\"article:publisher\" content=\"https:\/\/www.facebook.com\/LandPartyLesComes\/\" \/>\n<meta property=\"article:modified_time\" content=\"2023-09-24T08:34:46+00:00\" \/>\n<meta property=\"og:image\" content=\"https:\/\/www.landparty.es\/wp-content\/uploads\/2024\/07\/PORTADA-YOUTBUE-LANDPARTY.jpg\" \/>\n\t<meta property=\"og:image:width\" content=\"2048\" \/>\n\t<meta property=\"og:image:height\" content=\"1152\" \/>\n\t<meta property=\"og:image:type\" content=\"image\/jpeg\" \/>\n<meta name=\"twitter:card\" content=\"summary_large_image\" \/>\n<meta name=\"twitter:label1\" content=\"Tiempo de lectura\" \/>\n\t<meta name=\"twitter:data1\" content=\"1 minuto\" \/>\n<script type=\"application\/ld+json\" class=\"yoast-schema-graph\">{\"@context\":\"https:\\\/\\\/schema.org\",\"@graph\":[{\"@type\":\"WebPage\",\"@id\":\"https:\\\/\\\/www.landparty.es\\\/?page_id=124&lang=en\",\"url\":\"https:\\\/\\\/www.landparty.es\\\/?page_id=124&lang=en\",\"name\":\"ROC\u00d3DROM - Land Party\",\"isPartOf\":{\"@id\":\"https:\\\/\\\/www.landparty.es\\\/#website\"},\"datePublished\":\"2015-04-15T09:07:35+00:00\",\"dateModified\":\"2023-09-24T08:34:46+00:00\",\"description\":\"No te pierdas el Circuito de Aventura de la Land Rover Party! Incluye, puentes tibetanos, una tirolina de 150 metros y un recodromo. No te lo pierdas!\",\"breadcrumb\":{\"@id\":\"https:\\\/\\\/www.landparty.es\\\/?page_id=124&lang=en#breadcrumb\"},\"inLanguage\":\"es\",\"potentialAction\":[{\"@type\":\"ReadAction\",\"target\":[\"https:\\\/\\\/www.landparty.es\\\/?page_id=124&lang=en\"]}]},{\"@type\":\"BreadcrumbList\",\"@id\":\"https:\\\/\\\/www.landparty.es\\\/?page_id=124&lang=en#breadcrumb\",\"itemListElement\":[{\"@type\":\"ListItem\",\"position\":1,\"name\":\"Portada\",\"item\":\"https:\\\/\\\/www.landparty.es\\\/\"},{\"@type\":\"ListItem\",\"position\":2,\"name\":\"CLIMBING WALL\"}]},{\"@type\":\"WebSite\",\"@id\":\"https:\\\/\\\/www.landparty.es\\\/#website\",\"url\":\"https:\\\/\\\/www.landparty.es\\\/\",\"name\":\"Land Party - Les Comes\",\"description\":\"Ven a la Land Party, un evento familiar para amantes del motor y la aventura.\",\"publisher\":{\"@id\":\"https:\\\/\\\/www.landparty.es\\\/#organization\"},\"alternateName\":\"Land Party\",\"potentialAction\":[{\"@type\":\"SearchAction\",\"target\":{\"@type\":\"EntryPoint\",\"urlTemplate\":\"https:\\\/\\\/www.landparty.es\\\/?s={search_term_string}\"},\"query-input\":{\"@type\":\"PropertyValueSpecification\",\"valueRequired\":true,\"valueName\":\"search_term_string\"}}],\"inLanguage\":\"es\"},{\"@type\":\"Organization\",\"@id\":\"https:\\\/\\\/www.landparty.es\\\/#organization\",\"name\":\"Land Party - Les Comes\",\"alternateName\":\"Land Party\",\"url\":\"https:\\\/\\\/www.landparty.es\\\/\",\"logo\":{\"@type\":\"ImageObject\",\"inLanguage\":\"es\",\"@id\":\"https:\\\/\\\/www.landparty.es\\\/#\\\/schema\\\/logo\\\/image\\\/\",\"url\":\"https:\\\/\\\/www.landparty.es\\\/wp-content\\\/uploads\\\/2024\\\/07\\\/LANDPARTY-FACEBOOK.jpg\",\"contentUrl\":\"https:\\\/\\\/www.landparty.es\\\/wp-content\\\/uploads\\\/2024\\\/07\\\/LANDPARTY-FACEBOOK.jpg\",\"width\":1500,\"height\":1500,\"caption\":\"Land Party - Les Comes\"},\"image\":{\"@id\":\"https:\\\/\\\/www.landparty.es\\\/#\\\/schema\\\/logo\\\/image\\\/\"},\"sameAs\":[\"https:\\\/\\\/www.facebook.com\\\/LandPartyLesComes\\\/\"]}]}<\/script>\n<!-- \/ Yoast SEO plugin. -->","yoast_head_json":{"title":"ROC\u00d3DROM - Land Party","description":"No te pierdas el Circuito de Aventura de la Land Rover Party! Incluye, puentes tibetanos, una tirolina de 150 metros y un recodromo. No te lo pierdas!","robots":{"index":"index","follow":"follow","max-snippet":"max-snippet:-1","max-image-preview":"max-image-preview:large","max-video-preview":"max-video-preview:-1"},"canonical":"https:\/\/www.landparty.es\/?page_id=124&lang=en","og_locale":"es_ES","og_type":"article","og_title":"ROC\u00d3DROM - Land Party","og_description":"No te pierdas el Circuito de Aventura de la Land Rover Party! Incluye, puentes tibetanos, una tirolina de 150 metros y un recodromo. No te lo pierdas!","og_url":"https:\/\/www.landparty.es\/?page_id=124&lang=en","og_site_name":"Land Party","article_publisher":"https:\/\/www.facebook.com\/LandPartyLesComes\/","article_modified_time":"2023-09-24T08:34:46+00:00","og_image":[{"width":2048,"height":1152,"url":"https:\/\/www.landparty.es\/wp-content\/uploads\/2024\/07\/PORTADA-YOUTBUE-LANDPARTY.jpg","type":"image\/jpeg"}],"twitter_card":"summary_large_image","twitter_misc":{"Tiempo de lectura":"1 minuto"},"schema":{"@context":"https:\/\/schema.org","@graph":[{"@type":"WebPage","@id":"https:\/\/www.landparty.es\/?page_id=124&lang=en","url":"https:\/\/www.landparty.es\/?page_id=124&lang=en","name":"ROC\u00d3DROM - Land Party","isPartOf":{"@id":"https:\/\/www.landparty.es\/#website"},"datePublished":"2015-04-15T09:07:35+00:00","dateModified":"2023-09-24T08:34:46+00:00","description":"No te pierdas el Circuito de Aventura de la Land Rover Party! Incluye, puentes tibetanos, una tirolina de 150 metros y un recodromo. No te lo pierdas!","breadcrumb":{"@id":"https:\/\/www.landparty.es\/?page_id=124&lang=en#breadcrumb"},"inLanguage":"es","potentialAction":[{"@type":"ReadAction","target":["https:\/\/www.landparty.es\/?page_id=124&lang=en"]}]},{"@type":"BreadcrumbList","@id":"https:\/\/www.landparty.es\/?page_id=124&lang=en#breadcrumb","itemListElement":[{"@type":"ListItem","position":1,"name":"Portada","item":"https:\/\/www.landparty.es\/"},{"@type":"ListItem","position":2,"name":"CLIMBING WALL"}]},{"@type":"WebSite","@id":"https:\/\/www.landparty.es\/#website","url":"https:\/\/www.landparty.es\/","name":"Land Party - Les Comes","description":"Ven a la Land Party, un evento familiar para amantes del motor y la aventura.","publisher":{"@id":"https:\/\/www.landparty.es\/#organization"},"alternateName":"Land Party","potentialAction":[{"@type":"SearchAction","target":{"@type":"EntryPoint","urlTemplate":"https:\/\/www.landparty.es\/?s={search_term_string}"},"query-input":{"@type":"PropertyValueSpecification","valueRequired":true,"valueName":"search_term_string"}}],"inLanguage":"es"},{"@type":"Organization","@id":"https:\/\/www.landparty.es\/#organization","name":"Land Party - Les Comes","alternateName":"Land Party","url":"https:\/\/www.landparty.es\/","logo":{"@type":"ImageObject","inLanguage":"es","@id":"https:\/\/www.landparty.es\/#\/schema\/logo\/image\/","url":"https:\/\/www.landparty.es\/wp-content\/uploads\/2024\/07\/LANDPARTY-FACEBOOK.jpg","contentUrl":"https:\/\/www.landparty.es\/wp-content\/uploads\/2024\/07\/LANDPARTY-FACEBOOK.jpg","width":1500,"height":1500,"caption":"Land Party - Les Comes"},"image":{"@id":"https:\/\/www.landparty.es\/#\/schema\/logo\/image\/"},"sameAs":["https:\/\/www.facebook.com\/LandPartyLesComes\/"]}]}},"_links":{"self":[{"href":"https:\/\/www.landparty.es\/index.php?rest_route=\/wp\/v2\/pages\/124","targetHints":{"allow":["GET"]}}],"collection":[{"href":"https:\/\/www.landparty.es\/index.php?rest_route=\/wp\/v2\/pages"}],"about":[{"href":"https:\/\/www.landparty.es\/index.php?rest_route=\/wp\/v2\/types\/page"}],"author":[{"embeddable":true,"href":"https:\/\/www.landparty.es\/index.php?rest_route=\/wp\/v2\/users\/3"}],"replies":[{"embeddable":true,"href":"https:\/\/www.landparty.es\/index.php?rest_route=%2Fwp%2Fv2%2Fcomments&post=124"}],"version-history":[{"count":23,"href":"https:\/\/www.landparty.es\/index.php?rest_route=\/wp\/v2\/pages\/124\/revisions"}],"predecessor-version":[{"id":29748,"href":"https:\/\/www.landparty.es\/index.php?rest_route=\/wp\/v2\/pages\/124\/revisions\/29748"}],"wp:attachment":[{"href":"https:\/\/www.landparty.es\/index.php?rest_route=%2Fwp%2Fv2%2Fmedia&parent=124"}],"curies":[{"name":"wp","href":"https:\/\/api.w.org\/{rel}","templated":true}]}}