{"id":24,"date":"2015-04-14T11:09:34","date_gmt":"2015-04-14T11:09:34","guid":{"rendered":"http:\/\/localhost\/novaweblrp\/?page_id=24"},"modified":"2024-06-28T12:28:45","modified_gmt":"2024-06-28T12:28:45","slug":"catala","status":"publish","type":"page","link":"https:\/\/www.landparty.es\/?page_id=24","title":{"rendered":"El evento"},"content":{"rendered":"[vc_row][vc_column][vc_column_text]\n<div class=\"entry-content\">\n<h2 style=\"text-align: center;\"><strong>\u00bfQu\u00e9 es la Land Rover Party?<\/strong><\/h2>\n<\/div>\n[\/vc_column_text][vc_column_text]\n<div class=\"entry-content\">\n<h4><strong>El evento<img decoding=\"async\" class=\"alignright\" src=\"https:\/\/www.landroverparty.com\/mailing\/lesdeveniment1.jpg\" alt=\"\" width=\"300\" height=\"261\" \/><\/strong><\/h4>\n<p>La Land Rover Party es una concentraci\u00f3n de veh\u00edculos de la marca Land Rover y una gran fiesta para todos amantes del motor y la aventura.<\/p>\n<p>Se celebra durante un fin de semana en la finca \u201cLes Comes\u201d en la poblaci\u00f3n de S\u00faria (Barcelona).<\/p>\n<p>Desde sus inicios la Land Party conserva un esp\u00edritu familiar, proponiendo un fin de semana lleno de actividades para toda la familia.<\/p>\n<h4><\/h4>\n<h4><strong>Les Comes (Barcelona)<\/strong><\/h4>\n<p>La Land Party se celebra en la finca Les Comes una espectacular mas\u00eda catalana del siglo X con m\u00e1s de 800 ha y 70 km de pistas 4&#215;4.<\/p>\n<p>Les Comes es como una pista de esqu\u00ed\u00a0 para 4&#215;4, un lugar donde podr\u00e1s conducir\u00a0 por caminos adaptados a los distintos modelos\u00a0 de la gama Land Rover y a tu nivel t\u00e9cnico.<\/p>\n<p>No importa si es tu primera experiencia 4&#215;4\u00a0 o eres un experimentado conductor ya que los caminos de Les Comes est\u00e1n perfectamente se\u00f1alizados por colores en funci\u00f3n de su dificultad y ser\u00e1n supervisados por monitoes especializados que han participado en el Camel Trophy y en el G4 Challenge.<\/p>\n<p><strong>\u00a0<\/strong><\/p>\n<h4><strong>Actividades<\/strong><\/h4>\n<p>Descubre la nueva gama de veh\u00edculos Land Rover,\u00a0 sus \u00faltimos dise\u00f1os y todos los avances en tecnolog\u00eda desarrollados por la marca. Adem\u00e1s encontrar\u00e1s actividades de todo tipo, exhibiciones, una feria comercial, un circuito de aventura y una zona infantil para que jueguen los m\u00e1s peque\u00f1os.<\/p>\n<p><strong>Exclusivas para participantes con veh\u00edculo Land Rover:<\/strong><\/p>\n<ul style=\"list-style-type: circle;\">\n<li>Conducci\u00f3n por m\u00e1s de 70 km de pistas 4&#215;4 supervisadas por monitores especializados.<\/li>\n<li>Circuito de conducci\u00f3n para que los asistentes descubran las capacidades todoterreno\u00a0 de su veh\u00edculo.<\/li>\n<li>Nuevos circuitos dise\u00f1ados especialmente para Discovery Sport y Range Rover Evoque.<\/li>\n<\/ul>\n<p><b>Para participantes y visitantes (tengan o no un veh\u00edculo Land Rover):<\/b><\/p>\n<ul style=\"list-style-type: circle;\">\n<li>Curso b\u00e1sico de conducci\u00f3n 4&#215;4.<\/li>\n<li>Exposici\u00f3n de la nueva gama Land Rover.<\/li>\n<li>Exhibiciones.<\/li>\n<li>Feria comercial.<\/li>\n<li>Talleres para grandes y peque\u00f1os.<\/li>\n<li>Puentes tibetanos, tirolina y roc\u00f3dromo.<\/li>\n<li>Ludoteca infantil.<\/li>\n<li>Castillo hinchable y camas el\u00e1sticas.<\/li>\n<li>Circuito infantil con Land Rover el\u00e9ctricos.<\/li>\n<li>Exposici\u00f3n de Land Rover cl\u00e1sicos.<\/li>\n<li>Exhibici\u00f3n de veh\u00edculos Land Rover a radiocontrol.<\/li>\n<li>Exhibici\u00f3n de trial 4&#215;4 con veh\u00edculos Land Rover.<\/li>\n<li>Conferencia Land Rover.<\/li>\n<li>Zona de acampada.<\/li>\n<li>Bar-restaurante.<\/li>\n<\/ul>\n<p>Disfruta de esta excitante experiencia de Land Rover con tu familia y amigos.<\/p>\n<\/div>\n[\/vc_column_text][\/vc_column][\/vc_row]","protected":false},"excerpt":{"rendered":"<p>[vc_row][vc_column][vc_column_text] \u00bfQu\u00e9 es la Land Rover Party? [\/vc_column_text][vc_column_text] El evento [&hellip;]<\/p>\n","protected":false},"author":3,"featured_media":0,"parent":0,"menu_order":0,"comment_status":"closed","ping_status":"closed","template":"","meta":{"footnotes":""},"class_list":["post-24","page","type-page","status-publish","hentry"],"yoast_head":"<!-- This site is optimized with the Yoast SEO plugin v27.6 - https:\/\/yoast.com\/product\/yoast-seo-wordpress\/ -->\n<title>El evento - Land Party<\/title>\n<meta name=\"robots\" content=\"index, follow, max-snippet:-1, max-image-preview:large, max-video-preview:-1\" \/>\n<link rel=\"canonical\" href=\"https:\/\/www.landparty.es\/?page_id=24\" \/>\n<meta property=\"og:locale\" content=\"es_ES\" \/>\n<meta property=\"og:type\" content=\"article\" \/>\n<meta property=\"og:title\" content=\"El evento - Land Party\" \/>\n<meta property=\"og:description\" content=\"[vc_row][vc_column][vc_column_text] \u00bfQu\u00e9 es la Land Rover Party? [\/vc_column_text][vc_column_text] El evento [&hellip;]\" \/>\n<meta property=\"og:url\" content=\"https:\/\/www.landparty.es\/?page_id=24\" \/>\n<meta property=\"og:site_name\" content=\"Land Party\" \/>\n<meta property=\"article:publisher\" content=\"https:\/\/www.facebook.com\/LandPartyLesComes\/\" \/>\n<meta property=\"article:modified_time\" content=\"2024-06-28T12:28:45+00:00\" \/>\n<meta property=\"og:image\" content=\"https:\/\/www.landroverparty.com\/mailing\/lesdeveniment1.jpg\" \/>\n<meta name=\"twitter:card\" content=\"summary_large_image\" \/>\n<meta name=\"twitter:label1\" content=\"Tiempo de lectura\" \/>\n\t<meta name=\"twitter:data1\" content=\"2 minutos\" \/>\n<script type=\"application\/ld+json\" class=\"yoast-schema-graph\">{\"@context\":\"https:\\\/\\\/schema.org\",\"@graph\":[{\"@type\":\"WebPage\",\"@id\":\"https:\\\/\\\/www.landparty.es\\\/?page_id=24\",\"url\":\"https:\\\/\\\/www.landparty.es\\\/?page_id=24\",\"name\":\"El evento - Land Party\",\"isPartOf\":{\"@id\":\"https:\\\/\\\/www.landparty.es\\\/#website\"},\"primaryImageOfPage\":{\"@id\":\"https:\\\/\\\/www.landparty.es\\\/?page_id=24#primaryimage\"},\"image\":{\"@id\":\"https:\\\/\\\/www.landparty.es\\\/?page_id=24#primaryimage\"},\"thumbnailUrl\":\"https:\\\/\\\/www.landroverparty.com\\\/mailing\\\/lesdeveniment1.jpg\",\"datePublished\":\"2015-04-14T11:09:34+00:00\",\"dateModified\":\"2024-06-28T12:28:45+00:00\",\"breadcrumb\":{\"@id\":\"https:\\\/\\\/www.landparty.es\\\/?page_id=24#breadcrumb\"},\"inLanguage\":\"es\",\"potentialAction\":[{\"@type\":\"ReadAction\",\"target\":[\"https:\\\/\\\/www.landparty.es\\\/?page_id=24\"]}]},{\"@type\":\"ImageObject\",\"inLanguage\":\"es\",\"@id\":\"https:\\\/\\\/www.landparty.es\\\/?page_id=24#primaryimage\",\"url\":\"https:\\\/\\\/www.landroverparty.com\\\/mailing\\\/lesdeveniment1.jpg\",\"contentUrl\":\"https:\\\/\\\/www.landroverparty.com\\\/mailing\\\/lesdeveniment1.jpg\"},{\"@type\":\"BreadcrumbList\",\"@id\":\"https:\\\/\\\/www.landparty.es\\\/?page_id=24#breadcrumb\",\"itemListElement\":[{\"@type\":\"ListItem\",\"position\":1,\"name\":\"Portada\",\"item\":\"https:\\\/\\\/www.landparty.es\\\/\"},{\"@type\":\"ListItem\",\"position\":2,\"name\":\"El evento\"}]},{\"@type\":\"WebSite\",\"@id\":\"https:\\\/\\\/www.landparty.es\\\/#website\",\"url\":\"https:\\\/\\\/www.landparty.es\\\/\",\"name\":\"Land Party - Les Comes\",\"description\":\"Ven a la Land Party, un evento familiar para amantes del motor y la aventura.\",\"publisher\":{\"@id\":\"https:\\\/\\\/www.landparty.es\\\/#organization\"},\"alternateName\":\"Land Party\",\"potentialAction\":[{\"@type\":\"SearchAction\",\"target\":{\"@type\":\"EntryPoint\",\"urlTemplate\":\"https:\\\/\\\/www.landparty.es\\\/?s={search_term_string}\"},\"query-input\":{\"@type\":\"PropertyValueSpecification\",\"valueRequired\":true,\"valueName\":\"search_term_string\"}}],\"inLanguage\":\"es\"},{\"@type\":\"Organization\",\"@id\":\"https:\\\/\\\/www.landparty.es\\\/#organization\",\"name\":\"Land Party - Les Comes\",\"alternateName\":\"Land Party\",\"url\":\"https:\\\/\\\/www.landparty.es\\\/\",\"logo\":{\"@type\":\"ImageObject\",\"inLanguage\":\"es\",\"@id\":\"https:\\\/\\\/www.landparty.es\\\/#\\\/schema\\\/logo\\\/image\\\/\",\"url\":\"https:\\\/\\\/www.landparty.es\\\/wp-content\\\/uploads\\\/2024\\\/07\\\/LANDPARTY-FACEBOOK.jpg\",\"contentUrl\":\"https:\\\/\\\/www.landparty.es\\\/wp-content\\\/uploads\\\/2024\\\/07\\\/LANDPARTY-FACEBOOK.jpg\",\"width\":1500,\"height\":1500,\"caption\":\"Land Party - Les Comes\"},\"image\":{\"@id\":\"https:\\\/\\\/www.landparty.es\\\/#\\\/schema\\\/logo\\\/image\\\/\"},\"sameAs\":[\"https:\\\/\\\/www.facebook.com\\\/LandPartyLesComes\\\/\"]}]}<\/script>\n<!-- \/ Yoast SEO plugin. -->","yoast_head_json":{"title":"El evento - Land Party","robots":{"index":"index","follow":"follow","max-snippet":"max-snippet:-1","max-image-preview":"max-image-preview:large","max-video-preview":"max-video-preview:-1"},"canonical":"https:\/\/www.landparty.es\/?page_id=24","og_locale":"es_ES","og_type":"article","og_title":"El evento - Land Party","og_description":"[vc_row][vc_column][vc_column_text] \u00bfQu\u00e9 es la Land Rover Party? [\/vc_column_text][vc_column_text] El evento [&hellip;]","og_url":"https:\/\/www.landparty.es\/?page_id=24","og_site_name":"Land Party","article_publisher":"https:\/\/www.facebook.com\/LandPartyLesComes\/","article_modified_time":"2024-06-28T12:28:45+00:00","og_image":[{"url":"https:\/\/www.landroverparty.com\/mailing\/lesdeveniment1.jpg","type":"","width":"","height":""}],"twitter_card":"summary_large_image","twitter_misc":{"Tiempo de lectura":"2 minutos"},"schema":{"@context":"https:\/\/schema.org","@graph":[{"@type":"WebPage","@id":"https:\/\/www.landparty.es\/?page_id=24","url":"https:\/\/www.landparty.es\/?page_id=24","name":"El evento - Land Party","isPartOf":{"@id":"https:\/\/www.landparty.es\/#website"},"primaryImageOfPage":{"@id":"https:\/\/www.landparty.es\/?page_id=24#primaryimage"},"image":{"@id":"https:\/\/www.landparty.es\/?page_id=24#primaryimage"},"thumbnailUrl":"https:\/\/www.landroverparty.com\/mailing\/lesdeveniment1.jpg","datePublished":"2015-04-14T11:09:34+00:00","dateModified":"2024-06-28T12:28:45+00:00","breadcrumb":{"@id":"https:\/\/www.landparty.es\/?page_id=24#breadcrumb"},"inLanguage":"es","potentialAction":[{"@type":"ReadAction","target":["https:\/\/www.landparty.es\/?page_id=24"]}]},{"@type":"ImageObject","inLanguage":"es","@id":"https:\/\/www.landparty.es\/?page_id=24#primaryimage","url":"https:\/\/www.landroverparty.com\/mailing\/lesdeveniment1.jpg","contentUrl":"https:\/\/www.landroverparty.com\/mailing\/lesdeveniment1.jpg"},{"@type":"BreadcrumbList","@id":"https:\/\/www.landparty.es\/?page_id=24#breadcrumb","itemListElement":[{"@type":"ListItem","position":1,"name":"Portada","item":"https:\/\/www.landparty.es\/"},{"@type":"ListItem","position":2,"name":"El evento"}]},{"@type":"WebSite","@id":"https:\/\/www.landparty.es\/#website","url":"https:\/\/www.landparty.es\/","name":"Land Party - Les Comes","description":"Ven a la Land Party, un evento familiar para amantes del motor y la aventura.","publisher":{"@id":"https:\/\/www.landparty.es\/#organization"},"alternateName":"Land Party","potentialAction":[{"@type":"SearchAction","target":{"@type":"EntryPoint","urlTemplate":"https:\/\/www.landparty.es\/?s={search_term_string}"},"query-input":{"@type":"PropertyValueSpecification","valueRequired":true,"valueName":"search_term_string"}}],"inLanguage":"es"},{"@type":"Organization","@id":"https:\/\/www.landparty.es\/#organization","name":"Land Party - Les Comes","alternateName":"Land Party","url":"https:\/\/www.landparty.es\/","logo":{"@type":"ImageObject","inLanguage":"es","@id":"https:\/\/www.landparty.es\/#\/schema\/logo\/image\/","url":"https:\/\/www.landparty.es\/wp-content\/uploads\/2024\/07\/LANDPARTY-FACEBOOK.jpg","contentUrl":"https:\/\/www.landparty.es\/wp-content\/uploads\/2024\/07\/LANDPARTY-FACEBOOK.jpg","width":1500,"height":1500,"caption":"Land Party - Les Comes"},"image":{"@id":"https:\/\/www.landparty.es\/#\/schema\/logo\/image\/"},"sameAs":["https:\/\/www.facebook.com\/LandPartyLesComes\/"]}]}},"_links":{"self":[{"href":"https:\/\/www.landparty.es\/index.php?rest_route=\/wp\/v2\/pages\/24","targetHints":{"allow":["GET"]}}],"collection":[{"href":"https:\/\/www.landparty.es\/index.php?rest_route=\/wp\/v2\/pages"}],"about":[{"href":"https:\/\/www.landparty.es\/index.php?rest_route=\/wp\/v2\/types\/page"}],"author":[{"embeddable":true,"href":"https:\/\/www.landparty.es\/index.php?rest_route=\/wp\/v2\/users\/3"}],"replies":[{"embeddable":true,"href":"https:\/\/www.landparty.es\/index.php?rest_route=%2Fwp%2Fv2%2Fcomments&post=24"}],"version-history":[{"count":30,"href":"https:\/\/www.landparty.es\/index.php?rest_route=\/wp\/v2\/pages\/24\/revisions"}],"predecessor-version":[{"id":29870,"href":"https:\/\/www.landparty.es\/index.php?rest_route=\/wp\/v2\/pages\/24\/revisions\/29870"}],"wp:attachment":[{"href":"https:\/\/www.landparty.es\/index.php?rest_route=%2Fwp%2Fv2%2Fmedia&parent=24"}],"curies":[{"name":"wp","href":"https:\/\/api.w.org\/{rel}","templated":true}]}}