{"id":28919,"date":"2021-07-30T11:39:28","date_gmt":"2021-07-30T11:39:28","guid":{"rendered":"https:\/\/www.landroverparty.com\/?page_id=28919"},"modified":"2022-05-25T07:53:24","modified_gmt":"2022-05-25T07:53:24","slug":"mision-land-rover-party","status":"publish","type":"page","link":"https:\/\/www.landparty.es\/?page_id=28919","title":{"rendered":"Misi\u00f3n Land Rover Party"},"content":{"rendered":"<div class=\"fusion-fullwidth fullwidth-box fusion-builder-row-1 nonhundred-percent-fullwidth non-hundred-percent-height-scrolling\" style=\"--awb-border-radius-top-left:0px;--awb-border-radius-top-right:0px;--awb-border-radius-bottom-right:0px;--awb-border-radius-bottom-left:0px;--awb-flex-wrap:wrap;\" ><div class=\"fusion-builder-row fusion-row\"><div class=\"fusion-layout-column fusion_builder_column fusion-builder-column-0 fusion_builder_column_1_1 1_1 fusion-one-full fusion-column-first fusion-column-last\" style=\"--awb-bg-size:cover;--awb-margin-bottom:0px;\"><div class=\"fusion-column-wrapper fusion-flex-column-wrapper-legacy\"><div class=\"fusion-text fusion-text-1\" style=\"--awb-text-transform:none;\"><h2 style=\"text-align: center;\">JUEGO INFANTIL PARA LOS TRAYECTOS EN COCHE DE ESTAS VACACIONES<\/h2>\n<h4 style=\"text-align: center;\">Sabemos que verano es la estaci\u00f3n de las vacaciones por excelencia y, seguramente este a\u00f1o vas a moverte con tu familia en coche m\u00e1s que en a\u00f1os anteriores\u2026<\/h4>\n<h4 style=\"text-align: center;\">Por ello hemos organizado un JUEGO para los m\u00e1s peque\u00f1os de la casa.<\/h4>\n<h3 style=\"text-align: center;\">\u00a1LA MISI\u00d3N LAND ROVER PARTY!<\/h3>\n<h2 style=\"text-align: center;\"><a href=\"https:\/\/www.landroverparty.com\/docu\/mision-infantil_lrp_2.pdf\" target=\"_blank\" rel=\"noopener\">\u00a1PULSA LA IMAGEN PARA DESCARGAR!<\/a><\/h2>\n<\/div><div class=\"fusion-clearfix\"><\/div><\/div><\/div><\/div><\/div><div class=\"fusion-fullwidth fullwidth-box fusion-builder-row-2 fusion-flex-container nonhundred-percent-fullwidth non-hundred-percent-height-scrolling\" style=\"--awb-border-radius-top-left:0px;--awb-border-radius-top-right:0px;--awb-border-radius-bottom-right:0px;--awb-border-radius-bottom-left:0px;--awb-flex-wrap:wrap;\" ><div class=\"fusion-builder-row fusion-row fusion-flex-align-items-flex-start fusion-flex-content-wrap\" style=\"max-width:1144px;margin-left: calc(-4% \/ 2 );margin-right: calc(-4% \/ 2 );\"><div class=\"fusion-layout-column fusion_builder_column fusion-builder-column-1 fusion_builder_column_1_2 1_2 fusion-flex-column\" style=\"--awb-bg-size:cover;--awb-width-large:50%;--awb-margin-top-large:0px;--awb-spacing-right-large:3.84%;--awb-margin-bottom-large:20px;--awb-spacing-left-large:3.84%;--awb-width-medium:100%;--awb-order-medium:0;--awb-spacing-right-medium:1.92%;--awb-spacing-left-medium:1.92%;--awb-width-small:100%;--awb-order-small:0;--awb-spacing-right-small:1.92%;--awb-spacing-left-small:1.92%;\"><div class=\"fusion-column-wrapper fusion-column-has-shadow fusion-flex-justify-content-flex-start fusion-content-layout-column\"><div class=\"fusion-image-element \" style=\"--awb-caption-title-font-family:var(--h2_typography-font-family);--awb-caption-title-font-weight:var(--h2_typography-font-weight);--awb-caption-title-font-style:var(--h2_typography-font-style);--awb-caption-title-size:var(--h2_typography-font-size);--awb-caption-title-transform:var(--h2_typography-text-transform);--awb-caption-title-line-height:var(--h2_typography-line-height);--awb-caption-title-letter-spacing:var(--h2_typography-letter-spacing);\"><span class=\" fusion-imageframe imageframe-none imageframe-1 hover-type-none\"><a class=\"fusion-no-lightbox\" href=\"https:\/\/www.landroverparty.com\/docu\/mision-infantil_lrp_2.pdf\" target=\"_blank\" aria-label=\"Amaretto House\" rel=\"noopener noreferrer\"><img decoding=\"async\" width=\"595\" height=\"842\" src=\"https:\/\/www.landroverparty.com\/wp-content\/uploads\/2021\/07\/pasaporte_lrp_pag1.jpg\" alt class=\"img-responsive wp-image-28921\" srcset=\"https:\/\/www.landparty.es\/wp-content\/uploads\/2021\/07\/pasaporte_lrp_pag1-200x283.jpg 200w, https:\/\/www.landparty.es\/wp-content\/uploads\/2021\/07\/pasaporte_lrp_pag1-400x566.jpg 400w, https:\/\/www.landparty.es\/wp-content\/uploads\/2021\/07\/pasaporte_lrp_pag1.jpg 595w\" sizes=\"(max-width: 1024px) 100vw, (max-width: 640px) 100vw, 595px\" \/><\/a><\/span><\/div><\/div><\/div><div class=\"fusion-layout-column fusion_builder_column fusion-builder-column-2 fusion_builder_column_1_2 1_2 fusion-flex-column\" style=\"--awb-bg-size:cover;--awb-width-large:50%;--awb-margin-top-large:0px;--awb-spacing-right-large:3.84%;--awb-margin-bottom-large:20px;--awb-spacing-left-large:3.84%;--awb-width-medium:100%;--awb-order-medium:0;--awb-spacing-right-medium:1.92%;--awb-spacing-left-medium:1.92%;--awb-width-small:100%;--awb-order-small:0;--awb-spacing-right-small:1.92%;--awb-spacing-left-small:1.92%;\"><div class=\"fusion-column-wrapper fusion-column-has-shadow fusion-flex-justify-content-flex-start fusion-content-layout-column\"><div class=\"fusion-image-element \" style=\"--awb-caption-title-font-family:var(--h2_typography-font-family);--awb-caption-title-font-weight:var(--h2_typography-font-weight);--awb-caption-title-font-style:var(--h2_typography-font-style);--awb-caption-title-size:var(--h2_typography-font-size);--awb-caption-title-transform:var(--h2_typography-text-transform);--awb-caption-title-line-height:var(--h2_typography-line-height);--awb-caption-title-letter-spacing:var(--h2_typography-letter-spacing);\"><span class=\" fusion-imageframe imageframe-none imageframe-2 hover-type-none\"><a class=\"fusion-no-lightbox\" href=\"https:\/\/www.landroverparty.com\/docu\/mision-infantil_lrp_2.pdf\" target=\"_blank\" aria-label=\"Amaretto House\" rel=\"noopener noreferrer\"><img decoding=\"async\" width=\"595\" height=\"842\" src=\"https:\/\/www.landroverparty.com\/wp-content\/uploads\/2021\/07\/pasaporte_lrp_pag2.jpg\" alt class=\"img-responsive wp-image-28922\" srcset=\"https:\/\/www.landparty.es\/wp-content\/uploads\/2021\/07\/pasaporte_lrp_pag2-200x283.jpg 200w, https:\/\/www.landparty.es\/wp-content\/uploads\/2021\/07\/pasaporte_lrp_pag2-400x566.jpg 400w, https:\/\/www.landparty.es\/wp-content\/uploads\/2021\/07\/pasaporte_lrp_pag2.jpg 595w\" sizes=\"(max-width: 1024px) 100vw, (max-width: 640px) 100vw, 595px\" \/><\/a><\/span><\/div><\/div><\/div><\/div><\/div><div class=\"fusion-fullwidth fullwidth-box fusion-builder-row-3 nonhundred-percent-fullwidth non-hundred-percent-height-scrolling\" style=\"--awb-border-radius-top-left:0px;--awb-border-radius-top-right:0px;--awb-border-radius-bottom-right:0px;--awb-border-radius-bottom-left:0px;--awb-flex-wrap:wrap;\" ><div class=\"fusion-builder-row fusion-row\"><div class=\"fusion-layout-column fusion_builder_column fusion-builder-column-3 fusion_builder_column_1_1 1_1 fusion-one-full fusion-column-first fusion-column-last\" style=\"--awb-bg-size:cover;--awb-margin-bottom:0px;\"><div class=\"fusion-column-wrapper fusion-flex-column-wrapper-legacy\"><div class=\"fusion-text fusion-text-2\" style=\"--awb-text-transform:none;\"><h2 style=\"text-align: center;\">Al llegar a la Land Rover Party entrega tu Misi\u00f3n y te daremos un Pasaporte para todas tus aventuras Land Rover!<\/h2>\n<h2 style=\"text-align: center;\">Si ya tienes el pasaporte, no olvides de pasar por la tienda de merchandising para que te pongan el sello de esta edici\u00f3n!<\/h2>\n<p>&nbsp;<\/p>\n<p><img decoding=\"async\" class=\"aligncenter size-full wp-image-28924\" src=\"https:\/\/www.landroverparty.com\/wp-content\/uploads\/2021\/07\/pasaporte-lrp.jpg\" alt=\"\" width=\"70%\" srcset=\"https:\/\/www.landparty.es\/wp-content\/uploads\/2021\/07\/pasaporte-lrp-200x103.jpg 200w, https:\/\/www.landparty.es\/wp-content\/uploads\/2021\/07\/pasaporte-lrp-300x155.jpg 300w, https:\/\/www.landparty.es\/wp-content\/uploads\/2021\/07\/pasaporte-lrp-400x206.jpg 400w, https:\/\/www.landparty.es\/wp-content\/uploads\/2021\/07\/pasaporte-lrp.jpg 600w\" sizes=\"(max-width: 600px) 100vw, 600px\" \/><\/p>\n<\/div><div class=\"fusion-clearfix\"><\/div><\/div><\/div><\/div><\/div>","protected":false},"excerpt":{"rendered":"JUEGO INFANTIL PARA LOS TRAYECTOS EN COCHE DE ESTAS VACACIONES [...]","protected":false},"author":2,"featured_media":0,"parent":0,"menu_order":0,"comment_status":"closed","ping_status":"closed","template":"","meta":{"footnotes":""},"class_list":["post-28919","page","type-page","status-publish","hentry"],"yoast_head":"<!-- This site is optimized with the Yoast SEO plugin v26.6 - https:\/\/yoast.com\/wordpress\/plugins\/seo\/ -->\n<title>Misi\u00f3n Land Rover Party - Land Party<\/title>\n<meta name=\"robots\" content=\"index, follow, max-snippet:-1, max-image-preview:large, max-video-preview:-1\" \/>\n<link rel=\"canonical\" href=\"https:\/\/www.landparty.es\/?page_id=28919&lang=en\" \/>\n<meta property=\"og:locale\" content=\"es_ES\" \/>\n<meta property=\"og:type\" content=\"article\" \/>\n<meta property=\"og:title\" content=\"Misi\u00f3n Land Rover Party - Land Party\" \/>\n<meta property=\"og:url\" content=\"https:\/\/www.landparty.es\/?page_id=28919&amp;lang=en\" \/>\n<meta property=\"og:site_name\" content=\"Land Party\" \/>\n<meta property=\"article:publisher\" content=\"https:\/\/www.facebook.com\/LandPartyLesComes\/\" \/>\n<meta property=\"article:modified_time\" content=\"2022-05-25T07:53:24+00:00\" \/>\n<meta property=\"og:image\" content=\"https:\/\/www.landroverparty.com\/wp-content\/uploads\/2021\/07\/pasaporte-lrp.jpg\" \/>\n<meta name=\"twitter:card\" content=\"summary_large_image\" \/>\n<meta name=\"twitter:label1\" content=\"Tiempo de lectura\" \/>\n\t<meta name=\"twitter:data1\" content=\"3 minutos\" \/>\n<script type=\"application\/ld+json\" class=\"yoast-schema-graph\">{\"@context\":\"https:\/\/schema.org\",\"@graph\":[{\"@type\":\"WebPage\",\"@id\":\"https:\/\/www.landparty.es\/?page_id=28919&lang=en\",\"url\":\"https:\/\/www.landparty.es\/?page_id=28919&lang=en\",\"name\":\"Misi\u00f3n Land Rover Party - Land Party\",\"isPartOf\":{\"@id\":\"https:\/\/www.landparty.es\/#website\"},\"primaryImageOfPage\":{\"@id\":\"https:\/\/www.landparty.es\/?page_id=28919&lang=en#primaryimage\"},\"image\":{\"@id\":\"https:\/\/www.landparty.es\/?page_id=28919&lang=en#primaryimage\"},\"thumbnailUrl\":\"https:\/\/www.landroverparty.com\/wp-content\/uploads\/2021\/07\/pasaporte-lrp.jpg\",\"datePublished\":\"2021-07-30T11:39:28+00:00\",\"dateModified\":\"2022-05-25T07:53:24+00:00\",\"breadcrumb\":{\"@id\":\"https:\/\/www.landparty.es\/?page_id=28919&lang=en#breadcrumb\"},\"inLanguage\":\"es\",\"potentialAction\":[{\"@type\":\"ReadAction\",\"target\":[\"https:\/\/www.landparty.es\/?page_id=28919&lang=en\"]}]},{\"@type\":\"ImageObject\",\"inLanguage\":\"es\",\"@id\":\"https:\/\/www.landparty.es\/?page_id=28919&lang=en#primaryimage\",\"url\":\"https:\/\/www.landroverparty.com\/wp-content\/uploads\/2021\/07\/pasaporte-lrp.jpg\",\"contentUrl\":\"https:\/\/www.landroverparty.com\/wp-content\/uploads\/2021\/07\/pasaporte-lrp.jpg\"},{\"@type\":\"BreadcrumbList\",\"@id\":\"https:\/\/www.landparty.es\/?page_id=28919&lang=en#breadcrumb\",\"itemListElement\":[{\"@type\":\"ListItem\",\"position\":1,\"name\":\"Portada\",\"item\":\"https:\/\/www.landparty.es\/\"},{\"@type\":\"ListItem\",\"position\":2,\"name\":\"Misi\u00f3n Land Rover Party\"}]},{\"@type\":\"WebSite\",\"@id\":\"https:\/\/www.landparty.es\/#website\",\"url\":\"https:\/\/www.landparty.es\/\",\"name\":\"Land Party - Les Comes\",\"description\":\"Ven a la Land Party, un evento familiar para amantes del motor y la aventura.\",\"publisher\":{\"@id\":\"https:\/\/www.landparty.es\/#organization\"},\"alternateName\":\"Land Party\",\"potentialAction\":[{\"@type\":\"SearchAction\",\"target\":{\"@type\":\"EntryPoint\",\"urlTemplate\":\"https:\/\/www.landparty.es\/?s={search_term_string}\"},\"query-input\":{\"@type\":\"PropertyValueSpecification\",\"valueRequired\":true,\"valueName\":\"search_term_string\"}}],\"inLanguage\":\"es\"},{\"@type\":\"Organization\",\"@id\":\"https:\/\/www.landparty.es\/#organization\",\"name\":\"Land Party - Les Comes\",\"alternateName\":\"Land Party\",\"url\":\"https:\/\/www.landparty.es\/\",\"logo\":{\"@type\":\"ImageObject\",\"inLanguage\":\"es\",\"@id\":\"https:\/\/www.landparty.es\/#\/schema\/logo\/image\/\",\"url\":\"https:\/\/www.landparty.es\/wp-content\/uploads\/2024\/07\/LANDPARTY-FACEBOOK.jpg\",\"contentUrl\":\"https:\/\/www.landparty.es\/wp-content\/uploads\/2024\/07\/LANDPARTY-FACEBOOK.jpg\",\"width\":1500,\"height\":1500,\"caption\":\"Land Party - Les Comes\"},\"image\":{\"@id\":\"https:\/\/www.landparty.es\/#\/schema\/logo\/image\/\"},\"sameAs\":[\"https:\/\/www.facebook.com\/LandPartyLesComes\/\"]}]}<\/script>\n<!-- \/ Yoast SEO plugin. -->","yoast_head_json":{"title":"Misi\u00f3n Land Rover Party - Land Party","robots":{"index":"index","follow":"follow","max-snippet":"max-snippet:-1","max-image-preview":"max-image-preview:large","max-video-preview":"max-video-preview:-1"},"canonical":"https:\/\/www.landparty.es\/?page_id=28919&lang=en","og_locale":"es_ES","og_type":"article","og_title":"Misi\u00f3n Land Rover Party - Land Party","og_url":"https:\/\/www.landparty.es\/?page_id=28919&lang=en","og_site_name":"Land Party","article_publisher":"https:\/\/www.facebook.com\/LandPartyLesComes\/","article_modified_time":"2022-05-25T07:53:24+00:00","og_image":[{"url":"https:\/\/www.landroverparty.com\/wp-content\/uploads\/2021\/07\/pasaporte-lrp.jpg","type":"","width":"","height":""}],"twitter_card":"summary_large_image","twitter_misc":{"Tiempo de lectura":"3 minutos"},"schema":{"@context":"https:\/\/schema.org","@graph":[{"@type":"WebPage","@id":"https:\/\/www.landparty.es\/?page_id=28919&lang=en","url":"https:\/\/www.landparty.es\/?page_id=28919&lang=en","name":"Misi\u00f3n Land Rover Party - Land Party","isPartOf":{"@id":"https:\/\/www.landparty.es\/#website"},"primaryImageOfPage":{"@id":"https:\/\/www.landparty.es\/?page_id=28919&lang=en#primaryimage"},"image":{"@id":"https:\/\/www.landparty.es\/?page_id=28919&lang=en#primaryimage"},"thumbnailUrl":"https:\/\/www.landroverparty.com\/wp-content\/uploads\/2021\/07\/pasaporte-lrp.jpg","datePublished":"2021-07-30T11:39:28+00:00","dateModified":"2022-05-25T07:53:24+00:00","breadcrumb":{"@id":"https:\/\/www.landparty.es\/?page_id=28919&lang=en#breadcrumb"},"inLanguage":"es","potentialAction":[{"@type":"ReadAction","target":["https:\/\/www.landparty.es\/?page_id=28919&lang=en"]}]},{"@type":"ImageObject","inLanguage":"es","@id":"https:\/\/www.landparty.es\/?page_id=28919&lang=en#primaryimage","url":"https:\/\/www.landroverparty.com\/wp-content\/uploads\/2021\/07\/pasaporte-lrp.jpg","contentUrl":"https:\/\/www.landroverparty.com\/wp-content\/uploads\/2021\/07\/pasaporte-lrp.jpg"},{"@type":"BreadcrumbList","@id":"https:\/\/www.landparty.es\/?page_id=28919&lang=en#breadcrumb","itemListElement":[{"@type":"ListItem","position":1,"name":"Portada","item":"https:\/\/www.landparty.es\/"},{"@type":"ListItem","position":2,"name":"Misi\u00f3n Land Rover Party"}]},{"@type":"WebSite","@id":"https:\/\/www.landparty.es\/#website","url":"https:\/\/www.landparty.es\/","name":"Land Party - Les Comes","description":"Ven a la Land Party, un evento familiar para amantes del motor y la aventura.","publisher":{"@id":"https:\/\/www.landparty.es\/#organization"},"alternateName":"Land Party","potentialAction":[{"@type":"SearchAction","target":{"@type":"EntryPoint","urlTemplate":"https:\/\/www.landparty.es\/?s={search_term_string}"},"query-input":{"@type":"PropertyValueSpecification","valueRequired":true,"valueName":"search_term_string"}}],"inLanguage":"es"},{"@type":"Organization","@id":"https:\/\/www.landparty.es\/#organization","name":"Land Party - Les Comes","alternateName":"Land Party","url":"https:\/\/www.landparty.es\/","logo":{"@type":"ImageObject","inLanguage":"es","@id":"https:\/\/www.landparty.es\/#\/schema\/logo\/image\/","url":"https:\/\/www.landparty.es\/wp-content\/uploads\/2024\/07\/LANDPARTY-FACEBOOK.jpg","contentUrl":"https:\/\/www.landparty.es\/wp-content\/uploads\/2024\/07\/LANDPARTY-FACEBOOK.jpg","width":1500,"height":1500,"caption":"Land Party - Les Comes"},"image":{"@id":"https:\/\/www.landparty.es\/#\/schema\/logo\/image\/"},"sameAs":["https:\/\/www.facebook.com\/LandPartyLesComes\/"]}]}},"_links":{"self":[{"href":"https:\/\/www.landparty.es\/index.php?rest_route=\/wp\/v2\/pages\/28919","targetHints":{"allow":["GET"]}}],"collection":[{"href":"https:\/\/www.landparty.es\/index.php?rest_route=\/wp\/v2\/pages"}],"about":[{"href":"https:\/\/www.landparty.es\/index.php?rest_route=\/wp\/v2\/types\/page"}],"author":[{"embeddable":true,"href":"https:\/\/www.landparty.es\/index.php?rest_route=\/wp\/v2\/users\/2"}],"replies":[{"embeddable":true,"href":"https:\/\/www.landparty.es\/index.php?rest_route=%2Fwp%2Fv2%2Fcomments&post=28919"}],"version-history":[{"count":10,"href":"https:\/\/www.landparty.es\/index.php?rest_route=\/wp\/v2\/pages\/28919\/revisions"}],"predecessor-version":[{"id":29125,"href":"https:\/\/www.landparty.es\/index.php?rest_route=\/wp\/v2\/pages\/28919\/revisions\/29125"}],"wp:attachment":[{"href":"https:\/\/www.landparty.es\/index.php?rest_route=%2Fwp%2Fv2%2Fmedia&parent=28919"}],"curies":[{"name":"wp","href":"https:\/\/api.w.org\/{rel}","templated":true}]}}