{"id":46,"date":"2015-04-14T14:58:36","date_gmt":"2015-04-14T14:58:36","guid":{"rendered":"http:\/\/localhost\/novaweblrp\/?page_id=46"},"modified":"2021-03-11T15:10:57","modified_gmt":"2021-03-11T15:10:57","slug":"les-comes-experiencia-4x4","status":"publish","type":"page","link":"https:\/\/www.landparty.es\/?page_id=46","title":{"rendered":"Les Comes, Experiencia 4&#215;4"},"content":{"rendered":"[vc_row][vc_column][vc_column_text]\n<div class=\"entry-content\">\n<h2 style=\"text-align: center;\">LES COMES &#8211; EXPERIENCIA 4X4<\/h2>\n<\/div>\n[\/vc_column_text][vc_column_text]\n<div class=\"entry-content\">\n<p style=\"text-align: justify;\">Desde el a\u00f1o 2008 la finca de Les Comes ha sido acreditada como Centro Land Rover Experience, \u00fanico en toda la Pen\u00ednsula Ib\u00e9rica. Este sello de calidad, que otorga la marca inglesa, valora potencialmente distintos criterios: la situaci\u00f3n de la finca, sus caracter\u00edsticas naturales y orogr\u00e1ficas, la formaci\u00f3n de sus instructores, la flota de veh\u00edculos con los que se imparten los cursos y un largo v\u00ednculo con la marca evidenciando la profesionalidad de sus tareas y la dilatada experiencia en el sector.<\/p>\n<p style=\"text-align: justify;\"><a href=\"https:\/\/www.landroverparty.com\/wp-content\/uploads\/2015\/04\/land_rover_experience_2.jpg\"><img decoding=\"async\" class=\"aligncenter size-large wp-image-15155\" src=\"https:\/\/www.landroverparty.com\/wp-content\/uploads\/2015\/04\/land_rover_experience_2-1024x512.jpg\" alt=\"land_rover_experience_2\" width=\"100%\" srcset=\"https:\/\/www.landparty.es\/wp-content\/uploads\/2015\/04\/land_rover_experience_2-300x150.jpg 300w, https:\/\/www.landparty.es\/wp-content\/uploads\/2015\/04\/land_rover_experience_2-1024x512.jpg 1024w, https:\/\/www.landparty.es\/wp-content\/uploads\/2015\/04\/land_rover_experience_2.jpg 2000w\" sizes=\"(max-width: 1024px) 100vw, 1024px\" \/><\/a><\/p>\n<p style=\"text-align: justify;\">As\u00ed pues, Les Comes dispone de este distintivo de calidad conforme es el \u00fanico centro acreditado por la marca inglesa en la creaci\u00f3n de eventos y la ejecuci\u00f3n de cursos y programas 4\u00d74 en toda la Pen\u00ednsula.<\/p>\n<\/div>\n[\/vc_column_text][\/vc_column][\/vc_row]","protected":false},"excerpt":{"rendered":"<p>[vc_row][vc_column][vc_column_text] LES COMES &#8211; EXPERIENCIA 4X4 [\/vc_column_text][vc_column_text] Desde el a\u00f1o [&hellip;]<\/p>\n","protected":false},"author":3,"featured_media":0,"parent":0,"menu_order":0,"comment_status":"closed","ping_status":"closed","template":"","meta":{"footnotes":""},"class_list":["post-46","page","type-page","status-publish","hentry"],"yoast_head":"<!-- This site is optimized with the Yoast SEO plugin v27.4 - https:\/\/yoast.com\/product\/yoast-seo-wordpress\/ -->\n<title>Les Comes, Experiencia 4x4 - Land Party<\/title>\n<meta name=\"robots\" content=\"index, follow, max-snippet:-1, max-image-preview:large, max-video-preview:-1\" \/>\n<link rel=\"canonical\" href=\"https:\/\/www.landparty.es\/?page_id=46\" \/>\n<meta property=\"og:locale\" content=\"es_ES\" \/>\n<meta property=\"og:type\" content=\"article\" \/>\n<meta property=\"og:title\" content=\"Les Comes, Experiencia 4x4 - Land Party\" \/>\n<meta property=\"og:description\" content=\"[vc_row][vc_column][vc_column_text] LES COMES &#8211; EXPERIENCIA 4X4 [\/vc_column_text][vc_column_text] Desde el a\u00f1o [&hellip;]\" \/>\n<meta property=\"og:url\" content=\"https:\/\/www.landparty.es\/?page_id=46\" \/>\n<meta property=\"og:site_name\" content=\"Land Party\" \/>\n<meta property=\"article:publisher\" content=\"https:\/\/www.facebook.com\/LandPartyLesComes\/\" \/>\n<meta property=\"article:modified_time\" content=\"2021-03-11T15:10:57+00:00\" \/>\n<meta property=\"og:image\" content=\"https:\/\/www.landroverparty.com\/wp-content\/uploads\/2015\/04\/land_rover_experience_2-1024x512.jpg\" \/>\n<meta name=\"twitter:card\" content=\"summary_large_image\" \/>\n<meta name=\"twitter:label1\" content=\"Tiempo de lectura\" \/>\n\t<meta name=\"twitter:data1\" content=\"1 minuto\" \/>\n<script type=\"application\/ld+json\" class=\"yoast-schema-graph\">{\"@context\":\"https:\\\/\\\/schema.org\",\"@graph\":[{\"@type\":\"WebPage\",\"@id\":\"https:\\\/\\\/www.landparty.es\\\/?page_id=46\",\"url\":\"https:\\\/\\\/www.landparty.es\\\/?page_id=46\",\"name\":\"Les Comes, Experiencia 4x4 - Land Party\",\"isPartOf\":{\"@id\":\"https:\\\/\\\/www.landparty.es\\\/#website\"},\"primaryImageOfPage\":{\"@id\":\"https:\\\/\\\/www.landparty.es\\\/?page_id=46#primaryimage\"},\"image\":{\"@id\":\"https:\\\/\\\/www.landparty.es\\\/?page_id=46#primaryimage\"},\"thumbnailUrl\":\"https:\\\/\\\/www.landroverparty.com\\\/wp-content\\\/uploads\\\/2015\\\/04\\\/land_rover_experience_2-1024x512.jpg\",\"datePublished\":\"2015-04-14T14:58:36+00:00\",\"dateModified\":\"2021-03-11T15:10:57+00:00\",\"breadcrumb\":{\"@id\":\"https:\\\/\\\/www.landparty.es\\\/?page_id=46#breadcrumb\"},\"inLanguage\":\"es\",\"potentialAction\":[{\"@type\":\"ReadAction\",\"target\":[\"https:\\\/\\\/www.landparty.es\\\/?page_id=46\"]}]},{\"@type\":\"ImageObject\",\"inLanguage\":\"es\",\"@id\":\"https:\\\/\\\/www.landparty.es\\\/?page_id=46#primaryimage\",\"url\":\"https:\\\/\\\/www.landroverparty.com\\\/wp-content\\\/uploads\\\/2015\\\/04\\\/land_rover_experience_2-1024x512.jpg\",\"contentUrl\":\"https:\\\/\\\/www.landroverparty.com\\\/wp-content\\\/uploads\\\/2015\\\/04\\\/land_rover_experience_2-1024x512.jpg\"},{\"@type\":\"BreadcrumbList\",\"@id\":\"https:\\\/\\\/www.landparty.es\\\/?page_id=46#breadcrumb\",\"itemListElement\":[{\"@type\":\"ListItem\",\"position\":1,\"name\":\"Portada\",\"item\":\"https:\\\/\\\/www.landparty.es\\\/\"},{\"@type\":\"ListItem\",\"position\":2,\"name\":\"Les Comes, Experiencia 4&#215;4\"}]},{\"@type\":\"WebSite\",\"@id\":\"https:\\\/\\\/www.landparty.es\\\/#website\",\"url\":\"https:\\\/\\\/www.landparty.es\\\/\",\"name\":\"Land Party - Les Comes\",\"description\":\"Ven a la Land Party, un evento familiar para amantes del motor y la aventura.\",\"publisher\":{\"@id\":\"https:\\\/\\\/www.landparty.es\\\/#organization\"},\"alternateName\":\"Land Party\",\"potentialAction\":[{\"@type\":\"SearchAction\",\"target\":{\"@type\":\"EntryPoint\",\"urlTemplate\":\"https:\\\/\\\/www.landparty.es\\\/?s={search_term_string}\"},\"query-input\":{\"@type\":\"PropertyValueSpecification\",\"valueRequired\":true,\"valueName\":\"search_term_string\"}}],\"inLanguage\":\"es\"},{\"@type\":\"Organization\",\"@id\":\"https:\\\/\\\/www.landparty.es\\\/#organization\",\"name\":\"Land Party - Les Comes\",\"alternateName\":\"Land Party\",\"url\":\"https:\\\/\\\/www.landparty.es\\\/\",\"logo\":{\"@type\":\"ImageObject\",\"inLanguage\":\"es\",\"@id\":\"https:\\\/\\\/www.landparty.es\\\/#\\\/schema\\\/logo\\\/image\\\/\",\"url\":\"https:\\\/\\\/www.landparty.es\\\/wp-content\\\/uploads\\\/2024\\\/07\\\/LANDPARTY-FACEBOOK.jpg\",\"contentUrl\":\"https:\\\/\\\/www.landparty.es\\\/wp-content\\\/uploads\\\/2024\\\/07\\\/LANDPARTY-FACEBOOK.jpg\",\"width\":1500,\"height\":1500,\"caption\":\"Land Party - Les Comes\"},\"image\":{\"@id\":\"https:\\\/\\\/www.landparty.es\\\/#\\\/schema\\\/logo\\\/image\\\/\"},\"sameAs\":[\"https:\\\/\\\/www.facebook.com\\\/LandPartyLesComes\\\/\"]}]}<\/script>\n<!-- \/ Yoast SEO plugin. -->","yoast_head_json":{"title":"Les Comes, Experiencia 4x4 - Land Party","robots":{"index":"index","follow":"follow","max-snippet":"max-snippet:-1","max-image-preview":"max-image-preview:large","max-video-preview":"max-video-preview:-1"},"canonical":"https:\/\/www.landparty.es\/?page_id=46","og_locale":"es_ES","og_type":"article","og_title":"Les Comes, Experiencia 4x4 - Land Party","og_description":"[vc_row][vc_column][vc_column_text] LES COMES &#8211; EXPERIENCIA 4X4 [\/vc_column_text][vc_column_text] Desde el a\u00f1o [&hellip;]","og_url":"https:\/\/www.landparty.es\/?page_id=46","og_site_name":"Land Party","article_publisher":"https:\/\/www.facebook.com\/LandPartyLesComes\/","article_modified_time":"2021-03-11T15:10:57+00:00","og_image":[{"url":"https:\/\/www.landroverparty.com\/wp-content\/uploads\/2015\/04\/land_rover_experience_2-1024x512.jpg","type":"","width":"","height":""}],"twitter_card":"summary_large_image","twitter_misc":{"Tiempo de lectura":"1 minuto"},"schema":{"@context":"https:\/\/schema.org","@graph":[{"@type":"WebPage","@id":"https:\/\/www.landparty.es\/?page_id=46","url":"https:\/\/www.landparty.es\/?page_id=46","name":"Les Comes, Experiencia 4x4 - Land Party","isPartOf":{"@id":"https:\/\/www.landparty.es\/#website"},"primaryImageOfPage":{"@id":"https:\/\/www.landparty.es\/?page_id=46#primaryimage"},"image":{"@id":"https:\/\/www.landparty.es\/?page_id=46#primaryimage"},"thumbnailUrl":"https:\/\/www.landroverparty.com\/wp-content\/uploads\/2015\/04\/land_rover_experience_2-1024x512.jpg","datePublished":"2015-04-14T14:58:36+00:00","dateModified":"2021-03-11T15:10:57+00:00","breadcrumb":{"@id":"https:\/\/www.landparty.es\/?page_id=46#breadcrumb"},"inLanguage":"es","potentialAction":[{"@type":"ReadAction","target":["https:\/\/www.landparty.es\/?page_id=46"]}]},{"@type":"ImageObject","inLanguage":"es","@id":"https:\/\/www.landparty.es\/?page_id=46#primaryimage","url":"https:\/\/www.landroverparty.com\/wp-content\/uploads\/2015\/04\/land_rover_experience_2-1024x512.jpg","contentUrl":"https:\/\/www.landroverparty.com\/wp-content\/uploads\/2015\/04\/land_rover_experience_2-1024x512.jpg"},{"@type":"BreadcrumbList","@id":"https:\/\/www.landparty.es\/?page_id=46#breadcrumb","itemListElement":[{"@type":"ListItem","position":1,"name":"Portada","item":"https:\/\/www.landparty.es\/"},{"@type":"ListItem","position":2,"name":"Les Comes, Experiencia 4&#215;4"}]},{"@type":"WebSite","@id":"https:\/\/www.landparty.es\/#website","url":"https:\/\/www.landparty.es\/","name":"Land Party - Les Comes","description":"Ven a la Land Party, un evento familiar para amantes del motor y la aventura.","publisher":{"@id":"https:\/\/www.landparty.es\/#organization"},"alternateName":"Land Party","potentialAction":[{"@type":"SearchAction","target":{"@type":"EntryPoint","urlTemplate":"https:\/\/www.landparty.es\/?s={search_term_string}"},"query-input":{"@type":"PropertyValueSpecification","valueRequired":true,"valueName":"search_term_string"}}],"inLanguage":"es"},{"@type":"Organization","@id":"https:\/\/www.landparty.es\/#organization","name":"Land Party - Les Comes","alternateName":"Land Party","url":"https:\/\/www.landparty.es\/","logo":{"@type":"ImageObject","inLanguage":"es","@id":"https:\/\/www.landparty.es\/#\/schema\/logo\/image\/","url":"https:\/\/www.landparty.es\/wp-content\/uploads\/2024\/07\/LANDPARTY-FACEBOOK.jpg","contentUrl":"https:\/\/www.landparty.es\/wp-content\/uploads\/2024\/07\/LANDPARTY-FACEBOOK.jpg","width":1500,"height":1500,"caption":"Land Party - Les Comes"},"image":{"@id":"https:\/\/www.landparty.es\/#\/schema\/logo\/image\/"},"sameAs":["https:\/\/www.facebook.com\/LandPartyLesComes\/"]}]}},"_links":{"self":[{"href":"https:\/\/www.landparty.es\/index.php?rest_route=\/wp\/v2\/pages\/46","targetHints":{"allow":["GET"]}}],"collection":[{"href":"https:\/\/www.landparty.es\/index.php?rest_route=\/wp\/v2\/pages"}],"about":[{"href":"https:\/\/www.landparty.es\/index.php?rest_route=\/wp\/v2\/types\/page"}],"author":[{"embeddable":true,"href":"https:\/\/www.landparty.es\/index.php?rest_route=\/wp\/v2\/users\/3"}],"replies":[{"embeddable":true,"href":"https:\/\/www.landparty.es\/index.php?rest_route=%2Fwp%2Fv2%2Fcomments&post=46"}],"version-history":[{"count":12,"href":"https:\/\/www.landparty.es\/index.php?rest_route=\/wp\/v2\/pages\/46\/revisions"}],"predecessor-version":[{"id":28646,"href":"https:\/\/www.landparty.es\/index.php?rest_route=\/wp\/v2\/pages\/46\/revisions\/28646"}],"wp:attachment":[{"href":"https:\/\/www.landparty.es\/index.php?rest_route=%2Fwp%2Fv2%2Fmedia&parent=46"}],"curies":[{"name":"wp","href":"https:\/\/api.w.org\/{rel}","templated":true}]}}