{"id":7425,"date":"2015-04-29T15:52:49","date_gmt":"2015-04-29T15:52:49","guid":{"rendered":"http:\/\/www.landroverparty.com\/?page_id=7425"},"modified":"2025-06-04T07:46:29","modified_gmt":"2025-06-04T07:46:29","slug":"precios","status":"publish","type":"page","link":"https:\/\/www.landparty.es\/?page_id=7425","title":{"rendered":"Precios participantes y visitantes"},"content":{"rendered":"[vc_row][vc_column][vc_column_text]\n<h1 style=\"text-align: center;\">PRECIOS 2025<\/h1>\n[\/vc_column_text][\/vc_column][\/vc_row][vc_row][vc_column width=\u00bb1\/2&#8243;][vc_column_text]\n<h4 style=\"text-align: left;\"><span style=\"text-decoration: underline;\"><strong>PARTICIPANTE (ACCESO A LAS PISTAS 4X4)<\/strong><\/span><\/h4>\n<p>Si tienes un Land Rover, disfruta de los 80km de pistas 4\u00d74 de Les Comes y de todas las actividades.<\/p>\n<p>La inscripci\u00f3n incluye el veh\u00edculo y el conductor. Los acompa\u00f1antes pagan en Les Comes el fin de semana del evento.<\/p>\n<p><strong>Hasta el 11\/08\/2025<\/strong><br \/>\n70\u20ac &#8211; 1 d\u00eda<br \/>\n145\u20ac &#8211; 2 o 3 d\u00edas (precio de fin de semana). La acampada del viernes al domingo es gratuita y est\u00e1 incluida en la inscripci\u00f3n de 2-3 d\u00edas.<\/p>\n<p><strong>Del 12\/08\/2025 al 26\/09\/2025<\/strong><br \/>\n85\u20ac &#8211; 1 d\u00eda<br \/>\n165\u20ac &#8211; 2 o 3 d\u00edas (precio de fin de semana). La acampada del viernes al domingo es gratuita y est\u00e1 incluida en la inscripci\u00f3n de 2-3 d\u00edas.<\/p>\n<p><strong>Fin de semana del evento: Del 03\/10\/2025 al 05\/10\/2025<\/strong><br \/>\n100\u20ac &#8211; 1 d\u00eda<br \/>\n175\u20ac &#8211; 2 o 3 d\u00edas (precio \u00fanico de fin de semana). La acampada del viernes al domingo es gratuita y est\u00e1 incluida en la inscripci\u00f3n de 2-3 d\u00edas.[\/vc_column_text][\/vc_column][vc_column width=\u00bb1\/2&#8243;][vc_column_text]\n<h4><span style=\"text-decoration: underline;\"><strong>VISITANTES O ACOMPA\u00d1ANTES<\/strong><\/span><\/h4>\n<p>Si no quieres acceder con tu Land Rover a las pistas 4\u00d74 o no tienes un veh\u00edculo de la marca, igualmente puedes venir a disfrutar de las actividades de Land Party con tu familia y amigos.<\/p>\n<p>Los precios de los visitantes \/ acompa\u00f1antes incluyen los 3 d\u00edas de evento (viernes, s\u00e1bado y domingo):<\/p>\n<ul>\n<li><strong>GRATIS &#8211; Ni\u00f1os hasta 3 a\u00f1os.<\/strong><\/li>\n<li><strong>10\u20ac &#8211; Ni\u00f1os de 4 a 10 a\u00f1os.<\/strong><\/li>\n<li><strong>15\u20ac &#8211; Mayores de 10 a\u00f1os y adultos.<\/strong><\/li>\n<\/ul>\n<p><em>*Los acompa\u00f1antes y visitantes deben pagar in-situ en Les Comes el <\/em><em>mismo d\u00eda del evento.<\/em><\/p>\n<p><em>*Los acompa\u00f1antes son personas que van dentro del veh\u00edculo de un participante.<\/em><\/p>\n<p><em>*Los visitantes son personas que no quieren acceder a las pistas 4\u00d74 con su Land Rover o que no tienen un veh\u00edculo de la marca pero quieren disfrutar del resto de actividades.<\/em>[\/vc_column_text][\/vc_column][\/vc_row][vc_row][vc_column][vc_column_text]\n<h4 style=\"text-align: left;\"><strong>PRECIO ACAMPADA EXTRA: 50\u20ac*<\/strong><br \/>\n*Incluye la noche del jueves al viernes y del domingo al lunes.<\/h4>\n[\/vc_column_text][\/vc_column][\/vc_row][vc_row][vc_column][vc_message color=\u00bbwarning\u00bb message_box_color=\u00bbwarning\u00bb icon_fontawesome=\u00bbfa fa-exclamation-triangle\u00bb]<strong>IMPORTANTE:<\/strong><\/p>\n<ul>\n<li><strong>La inscripci\u00f3n online de 2-3 d\u00edas incluye la acampada para un veh\u00edculo y una tienda.\u00a0 A partir del 2\u00ba \u201cveh\u00edculo\u201d se deber\u00e1 abonar in-situ (40\u20ac\/veh\u00edculo*) en Les Comes el mismo d\u00eda del evento.<\/strong>\n<ul>\n<li><em>Se entiende como \u00abveh\u00edculo\u00bb, caravanas, turismos, 4&#215;4, autocaravanas, remolques, comanches y cualquier otro tipo de veh\u00edculo o equipamiento que ocupe un espacio en la zona de acampada.<\/em><\/li>\n<\/ul>\n<\/li>\n<\/ul>\n[\/vc_message][\/vc_column][\/vc_row]","protected":false},"excerpt":{"rendered":"<p>[vc_row][vc_column][vc_column_text] PRECIOS 2025 [\/vc_column_text][\/vc_column][\/vc_row][vc_row][vc_column width=\u00bb1\/2&#8243;][vc_column_text] PARTICIPANTE (ACCESO A LAS PISTAS [&hellip;]<\/p>\n","protected":false},"author":2,"featured_media":0,"parent":0,"menu_order":0,"comment_status":"closed","ping_status":"open","template":"","meta":{"footnotes":""},"class_list":["post-7425","page","type-page","status-publish","hentry"],"yoast_head":"<!-- This site is optimized with the Yoast SEO plugin v27.4 - https:\/\/yoast.com\/product\/yoast-seo-wordpress\/ -->\n<title>Precios Land Rover Party - Un evento para todos los p\u00fablicos<\/title>\n<meta name=\"description\" content=\"Todos los precios de la Land Rover Party. Tengas o no un Land Rover, ven a disfrutar de un fin de semana inolvidable.\" \/>\n<meta name=\"robots\" content=\"index, follow, max-snippet:-1, max-image-preview:large, max-video-preview:-1\" \/>\n<link rel=\"canonical\" href=\"https:\/\/www.landparty.es\/?page_id=7425\" \/>\n<meta property=\"og:locale\" content=\"es_ES\" \/>\n<meta property=\"og:type\" content=\"article\" \/>\n<meta property=\"og:title\" content=\"[:es]Precios Land Rover Party - Un evento para todos los p\u00fablicos[:ca]Preus Land Rover Party - Vine a gaudir d&#039;un cap de setmana inolbidable.[:]\" \/>\n<meta property=\"og:description\" content=\"{:es}Todos los precios de la Land Rover Party. Tengas o no un Land Rover, ven a disfrutar de un fin de semana inolvidable.{:}\" \/>\n<meta property=\"og:url\" content=\"https:\/\/www.landparty.es\/?page_id=7425\" \/>\n<meta property=\"og:site_name\" content=\"Land Party\" \/>\n<meta property=\"article:publisher\" content=\"https:\/\/www.facebook.com\/LandPartyLesComes\/\" \/>\n<meta property=\"article:modified_time\" content=\"2025-06-04T07:46:29+00:00\" \/>\n<meta property=\"og:image\" content=\"https:\/\/www.landparty.es\/wp-content\/uploads\/2024\/07\/PORTADA-YOUTBUE-LANDPARTY.jpg\" \/>\n\t<meta property=\"og:image:width\" content=\"2048\" \/>\n\t<meta property=\"og:image:height\" content=\"1152\" \/>\n\t<meta property=\"og:image:type\" content=\"image\/jpeg\" \/>\n<meta name=\"twitter:card\" content=\"summary_large_image\" \/>\n<meta name=\"twitter:label1\" content=\"Tiempo de lectura\" \/>\n\t<meta name=\"twitter:data1\" content=\"2 minutos\" \/>\n<script type=\"application\/ld+json\" class=\"yoast-schema-graph\">{\"@context\":\"https:\\\/\\\/schema.org\",\"@graph\":[{\"@type\":\"WebPage\",\"@id\":\"https:\\\/\\\/www.landparty.es\\\/?page_id=7425\",\"url\":\"https:\\\/\\\/www.landparty.es\\\/?page_id=7425\",\"name\":\"[:es]Precios Land Rover Party - Un evento para todos los p\u00fablicos[:ca]Preus Land Rover Party - Vine a gaudir d'un cap de setmana inolbidable.[:]\",\"isPartOf\":{\"@id\":\"https:\\\/\\\/www.landparty.es\\\/#website\"},\"datePublished\":\"2015-04-29T15:52:49+00:00\",\"dateModified\":\"2025-06-04T07:46:29+00:00\",\"description\":\"{:es}Todos los precios de la Land Rover Party. Tengas o no un Land Rover, ven a disfrutar de un fin de semana inolvidable.{:}\",\"breadcrumb\":{\"@id\":\"https:\\\/\\\/www.landparty.es\\\/?page_id=7425#breadcrumb\"},\"inLanguage\":\"es\",\"potentialAction\":[{\"@type\":\"ReadAction\",\"target\":[\"https:\\\/\\\/www.landparty.es\\\/?page_id=7425\"]}]},{\"@type\":\"BreadcrumbList\",\"@id\":\"https:\\\/\\\/www.landparty.es\\\/?page_id=7425#breadcrumb\",\"itemListElement\":[{\"@type\":\"ListItem\",\"position\":1,\"name\":\"Portada\",\"item\":\"https:\\\/\\\/www.landparty.es\\\/\"},{\"@type\":\"ListItem\",\"position\":2,\"name\":\"Precios participantes y visitantes\"}]},{\"@type\":\"WebSite\",\"@id\":\"https:\\\/\\\/www.landparty.es\\\/#website\",\"url\":\"https:\\\/\\\/www.landparty.es\\\/\",\"name\":\"Land Party - Les Comes\",\"description\":\"Ven a la Land Party, un evento familiar para amantes del motor y la aventura.\",\"publisher\":{\"@id\":\"https:\\\/\\\/www.landparty.es\\\/#organization\"},\"alternateName\":\"Land Party\",\"potentialAction\":[{\"@type\":\"SearchAction\",\"target\":{\"@type\":\"EntryPoint\",\"urlTemplate\":\"https:\\\/\\\/www.landparty.es\\\/?s={search_term_string}\"},\"query-input\":{\"@type\":\"PropertyValueSpecification\",\"valueRequired\":true,\"valueName\":\"search_term_string\"}}],\"inLanguage\":\"es\"},{\"@type\":\"Organization\",\"@id\":\"https:\\\/\\\/www.landparty.es\\\/#organization\",\"name\":\"Land Party - Les Comes\",\"alternateName\":\"Land Party\",\"url\":\"https:\\\/\\\/www.landparty.es\\\/\",\"logo\":{\"@type\":\"ImageObject\",\"inLanguage\":\"es\",\"@id\":\"https:\\\/\\\/www.landparty.es\\\/#\\\/schema\\\/logo\\\/image\\\/\",\"url\":\"https:\\\/\\\/www.landparty.es\\\/wp-content\\\/uploads\\\/2024\\\/07\\\/LANDPARTY-FACEBOOK.jpg\",\"contentUrl\":\"https:\\\/\\\/www.landparty.es\\\/wp-content\\\/uploads\\\/2024\\\/07\\\/LANDPARTY-FACEBOOK.jpg\",\"width\":1500,\"height\":1500,\"caption\":\"Land Party - Les Comes\"},\"image\":{\"@id\":\"https:\\\/\\\/www.landparty.es\\\/#\\\/schema\\\/logo\\\/image\\\/\"},\"sameAs\":[\"https:\\\/\\\/www.facebook.com\\\/LandPartyLesComes\\\/\"]}]}<\/script>\n<!-- \/ Yoast SEO plugin. -->","yoast_head_json":{"title":"Precios Land Rover Party - Un evento para todos los p\u00fablicos","description":"Todos los precios de la Land Rover Party. Tengas o no un Land Rover, ven a disfrutar de un fin de semana inolvidable.","robots":{"index":"index","follow":"follow","max-snippet":"max-snippet:-1","max-image-preview":"max-image-preview:large","max-video-preview":"max-video-preview:-1"},"canonical":"https:\/\/www.landparty.es\/?page_id=7425","og_locale":"es_ES","og_type":"article","og_title":"[:es]Precios Land Rover Party - Un evento para todos los p\u00fablicos[:ca]Preus Land Rover Party - Vine a gaudir d'un cap de setmana inolbidable.[:]","og_description":"{:es}Todos los precios de la Land Rover Party. Tengas o no un Land Rover, ven a disfrutar de un fin de semana inolvidable.{:}","og_url":"https:\/\/www.landparty.es\/?page_id=7425","og_site_name":"Land Party","article_publisher":"https:\/\/www.facebook.com\/LandPartyLesComes\/","article_modified_time":"2025-06-04T07:46:29+00:00","og_image":[{"width":2048,"height":1152,"url":"https:\/\/www.landparty.es\/wp-content\/uploads\/2024\/07\/PORTADA-YOUTBUE-LANDPARTY.jpg","type":"image\/jpeg"}],"twitter_card":"summary_large_image","twitter_misc":{"Tiempo de lectura":"2 minutos"},"schema":{"@context":"https:\/\/schema.org","@graph":[{"@type":"WebPage","@id":"https:\/\/www.landparty.es\/?page_id=7425","url":"https:\/\/www.landparty.es\/?page_id=7425","name":"[:es]Precios Land Rover Party - Un evento para todos los p\u00fablicos[:ca]Preus Land Rover Party - Vine a gaudir d'un cap de setmana inolbidable.[:]","isPartOf":{"@id":"https:\/\/www.landparty.es\/#website"},"datePublished":"2015-04-29T15:52:49+00:00","dateModified":"2025-06-04T07:46:29+00:00","description":"{:es}Todos los precios de la Land Rover Party. Tengas o no un Land Rover, ven a disfrutar de un fin de semana inolvidable.{:}","breadcrumb":{"@id":"https:\/\/www.landparty.es\/?page_id=7425#breadcrumb"},"inLanguage":"es","potentialAction":[{"@type":"ReadAction","target":["https:\/\/www.landparty.es\/?page_id=7425"]}]},{"@type":"BreadcrumbList","@id":"https:\/\/www.landparty.es\/?page_id=7425#breadcrumb","itemListElement":[{"@type":"ListItem","position":1,"name":"Portada","item":"https:\/\/www.landparty.es\/"},{"@type":"ListItem","position":2,"name":"Precios participantes y visitantes"}]},{"@type":"WebSite","@id":"https:\/\/www.landparty.es\/#website","url":"https:\/\/www.landparty.es\/","name":"Land Party - Les Comes","description":"Ven a la Land Party, un evento familiar para amantes del motor y la aventura.","publisher":{"@id":"https:\/\/www.landparty.es\/#organization"},"alternateName":"Land Party","potentialAction":[{"@type":"SearchAction","target":{"@type":"EntryPoint","urlTemplate":"https:\/\/www.landparty.es\/?s={search_term_string}"},"query-input":{"@type":"PropertyValueSpecification","valueRequired":true,"valueName":"search_term_string"}}],"inLanguage":"es"},{"@type":"Organization","@id":"https:\/\/www.landparty.es\/#organization","name":"Land Party - Les Comes","alternateName":"Land Party","url":"https:\/\/www.landparty.es\/","logo":{"@type":"ImageObject","inLanguage":"es","@id":"https:\/\/www.landparty.es\/#\/schema\/logo\/image\/","url":"https:\/\/www.landparty.es\/wp-content\/uploads\/2024\/07\/LANDPARTY-FACEBOOK.jpg","contentUrl":"https:\/\/www.landparty.es\/wp-content\/uploads\/2024\/07\/LANDPARTY-FACEBOOK.jpg","width":1500,"height":1500,"caption":"Land Party - Les Comes"},"image":{"@id":"https:\/\/www.landparty.es\/#\/schema\/logo\/image\/"},"sameAs":["https:\/\/www.facebook.com\/LandPartyLesComes\/"]}]}},"_links":{"self":[{"href":"https:\/\/www.landparty.es\/index.php?rest_route=\/wp\/v2\/pages\/7425","targetHints":{"allow":["GET"]}}],"collection":[{"href":"https:\/\/www.landparty.es\/index.php?rest_route=\/wp\/v2\/pages"}],"about":[{"href":"https:\/\/www.landparty.es\/index.php?rest_route=\/wp\/v2\/types\/page"}],"author":[{"embeddable":true,"href":"https:\/\/www.landparty.es\/index.php?rest_route=\/wp\/v2\/users\/2"}],"replies":[{"embeddable":true,"href":"https:\/\/www.landparty.es\/index.php?rest_route=%2Fwp%2Fv2%2Fcomments&post=7425"}],"version-history":[{"count":119,"href":"https:\/\/www.landparty.es\/index.php?rest_route=\/wp\/v2\/pages\/7425\/revisions"}],"predecessor-version":[{"id":30151,"href":"https:\/\/www.landparty.es\/index.php?rest_route=\/wp\/v2\/pages\/7425\/revisions\/30151"}],"wp:attachment":[{"href":"https:\/\/www.landparty.es\/index.php?rest_route=%2Fwp%2Fv2%2Fmedia&parent=7425"}],"curies":[{"name":"wp","href":"https:\/\/api.w.org\/{rel}","templated":true}]}}